{"id":4375,"date":"2019-02-25T09:28:55","date_gmt":"2019-02-25T12:28:55","guid":{"rendered":"https:\/\/www.fdinternational.com\/dev\/?page_id=4375"},"modified":"2021-02-04T10:04:33","modified_gmt":"2021-02-04T13:04:33","slug":"argentinos-en-estados-unidos","status":"publish","type":"page","link":"https:\/\/www.fdinternational.com\/dev\/argentinos-en-estados-unidos\/","title":{"rendered":"Argentinos en EE.UU"},"content":{"rendered":"<p>[vc_row full_width=&#8221;stretch_row_content_no_spaces&#8221; content_placement=&#8221;top&#8221; css=&#8221;.vc_custom_1550837460717{margin-top: -40px !important;margin-bottom: 0px !important;}&#8221;][vc_column css=&#8221;.vc_custom_1550785712108{padding-top: 0px !important;padding-bottom: 0px !important;}&#8221;][rev_slider_vc alias=&#8221;slider-arg-usa&#8221;][\/vc_column][\/vc_row][vc_row full_width=&#8221;stretch_row&#8221; el_id=&#8221;gerenciamiento&#8221;][vc_column][vc_custom_heading text=&#8221;REGISTERED INVESTMENT ADVISER (RIA)&#8221; font_container=&#8221;tag:h6|font_size:18px|text_align:left|color:%231464b4&#8243; use_theme_fonts=&#8221;yes&#8221; css=&#8221;.vc_custom_1550844165725{margin-top: 25px !important;margin-bottom: 0px !important;}&#8221;][vc_custom_heading text=&#8221;ARGENTINOS EN ESTADOS UNIDOS&#8221; font_container=&#8221;tag:h2|font_size:30px|text_align:left|line_height:1.2&#8243; use_theme_fonts=&#8221;yes&#8221;][vc_custom_heading text=&#8221;La licencia de Registered Investment Adviser (RIA) en los Estados Unidos y nuestra presencia en Buenos Aires nos permiten agregarle mucho valor al argentino residente en aquel pa\u00eds.<br \/>\nQue seamos RIA en los EE.UU. beneficia al argentino que all\u00ed reside porque:&#8221; font_container=&#8221;tag:h5|font_size:21px|text_align:left|color:%230f0f10&#8243; use_theme_fonts=&#8221;yes&#8221; css=&#8221;.vc_custom_1551097479631{margin-bottom: 25px !important;}&#8221;][\/vc_column][\/vc_row][vc_row][vc_column width=&#8221;1\/4&#8243; css=&#8221;.vc_custom_1456417719046{padding-right: 10% !important;padding-left: 10% !important;}&#8221;][vc_icon icon_fontawesome=&#8221;fa fa-book&#8221; color=&#8221;custom&#8221; align=&#8221;center&#8221; custom_color=&#8221;#1464b4&#8243;][vc_column_text css=&#8221;.vc_custom_1551097503539{margin-top: -30px !important;}&#8221;]Tenemos el conocimiento para gerenciar tanto sus cuentas regulares (<em>taxable accounts<\/em>) como las de retiro (<em>non-taxable<\/em>), cualquiera sea el plan que posea. En todos los casos, se sigue una planificaci\u00f3n financiera integral.[\/vc_column_text][\/vc_column][vc_column width=&#8221;1\/4&#8243; css=&#8221;.vc_custom_1550838085161{padding-right: 10% !important;padding-left: 10% !important;}&#8221;][vc_icon icon_fontawesome=&#8221;fa fa-building&#8221; color=&#8221;custom&#8221; align=&#8221;center&#8221; custom_color=&#8221;#1464b4&#8243;][vc_column_text css=&#8221;.vc_custom_1551097519060{margin-top: -30px !important;}&#8221;]Nos comprometimos ante el organismo regulador de EE.UU. a no tener conflictos de inter\u00e9s con nuestros clientes. No representamos a entidades financieras ni recibimos comisiones de ning\u00fan tercero.[\/vc_column_text][\/vc_column][vc_column width=&#8221;1\/4&#8243; css=&#8221;.vc_custom_1550838100763{padding-right: 10% !important;padding-left: 10% !important;}&#8221;][vc_icon icon_fontawesome=&#8221;fa fa-key&#8221; color=&#8221;custom&#8221; align=&#8221;center&#8221; custom_color=&#8221;#1464b4&#8243;][vc_column_text css=&#8221;.vc_custom_1551097532991{margin-top: -30px !important;}&#8221;]Utilizamos <em>discount brokers<\/em> para custodiar los activos financieros de nuestros clientes. Esto le garantiza los menores costos y comisiones del mercado, y que los activos siempre est\u00e9n a nombre del cliente.[\/vc_column_text][\/vc_column][vc_column width=&#8221;1\/4&#8243; css=&#8221;.vc_custom_1550838121509{padding-right: 10% !important;padding-left: 10% !important;}&#8221;][vc_icon icon_fontawesome=&#8221;fa fa-child&#8221; color=&#8221;custom&#8221; align=&#8221;center&#8221; custom_color=&#8221;#1464b4&#8243;][vc_column_text css=&#8221;.vc_custom_1551097549121{margin-top: -30px !important;}&#8221;]Conocemos muy bien al latinoamericano, y en particular al argentino. En esta l\u00ednea, no existe el riesgo de choque cultural que habitualmente existe entre un asesor estadounidense y el cliente latino. Adicionalmente, ese asesor no est\u00e1 en condiciones de asistir al cliente en Argentina, en donde normalmente siguen pesando ciertas obligaciones sobre \u00e9l (muchas de las cuales ignora) y eso le termina generando contingencias.[\/vc_column_text][\/vc_column][\/vc_row][vc_row][vc_column css=&#8221;.vc_custom_1550844490602{padding-right: 5% !important;padding-left: 10% !important;}&#8221;][vc_custom_heading text=&#8221;El siguiente link de la Securities and Exchange Commission (SEC), muestra nuestro registro ante el organismo regulador, as\u00ed como tambi\u00e9n el <strong>formulario ADV PART 2<\/strong> (ver Part 2 Brochures). Este \u00faltimo muestra nuestros antecedentes, proceder frente a los clientes y honorarios que cobramos.&#8221; font_container=&#8221;tag:h5|font_size:21px|text_align:justify|color:%230f0f10&#8243; use_theme_fonts=&#8221;yes&#8221; css=&#8221;.vc_custom_1551098426158{margin-bottom: 25px !important;}&#8221; link=&#8221;url:https%3A%2F%2Fadviserinfo.sec.gov%2FFirm%2F292050||target:%20_blank|&#8221;][vc_column_text]<\/p>\n<h4 style=\"text-align: justify;\">Nuestra presencia en Argentina nos permite brindarle los servicios locales necesarios toda vez que tenga que asistir a familiares y\/o gerenciar activos financieros\/inmobiliarios en el pa\u00eds. Respecto a estos \u00faltimos, tambi\u00e9n coordinamos la relaci\u00f3n ante la AFIP a trav\u00e9s de un <strong><em>responsable sustituto<\/em><\/strong>, evit\u00e1ndole el compromiso de que un familiar tenga que cumplir esta <em><u>figura de alto riesgo, por la responsabilidad solidaria que genera<\/u><\/em>.<\/h4>\n<p>[\/vc_column_text][\/vc_column][\/vc_row][vc_row full_width=&#8221;stretch_row&#8221;][vc_column][vc_custom_heading text=&#8221;Algunos servicios en Argentina para expatriados:&#8221; font_container=&#8221;tag:h6|font_size:22px|text_align:left&#8221; use_theme_fonts=&#8221;yes&#8221; css=&#8221;.vc_custom_1551098008292{margin-top: 50px !important;margin-bottom: 35px !important;}&#8221;][\/vc_column][\/vc_row][vc_row full_width=&#8221;stretch_row&#8221; equal_height=&#8221;yes&#8221; css=&#8221;.vc_custom_1550839660886{background-color: #f7f8f8 !important;}&#8221;][vc_column width=&#8221;1\/4&#8243; css=&#8221;.vc_custom_1456418540889{border-right-width: 1px !important;border-bottom-width: 1px !important;padding-bottom: 20px !important;border-right-color: #dedfdf !important;border-right-style: solid !important;border-bottom-color: #dedfdf !important;border-bottom-style: solid !important;}&#8221;][vc_custom_heading text=&#8221;Apertura de cuentas en entidades financieras locales (bancos y sociedades de bolsa)&#8221; font_container=&#8221;tag:p|font_size:16px|text_align:justify&#8221; use_theme_fonts=&#8221;yes&#8221;][\/vc_column][vc_column width=&#8221;1\/4&#8243; css=&#8221;.vc_custom_1550844860927{border-bottom-width: 1px !important;padding-bottom: 20px !important;background-color: rgba(115,157,211,0.45) !important;*background-color: rgb(115,157,211) !important;border-bottom-color: #dedfdf !important;border-bottom-style: solid !important;}&#8221;][vc_custom_heading text=&#8221;Administraci\u00f3n de activos financieros en Argentina&#8221; font_container=&#8221;tag:p|font_size:16px|text_align:justify&#8221; use_theme_fonts=&#8221;yes&#8221;][\/vc_column][vc_column width=&#8221;1\/4&#8243; css=&#8221;.vc_custom_1456418555181{border-right-width: 1px !important;border-bottom-width: 1px !important;padding-bottom: 20px !important;border-right-color: #dedfdf !important;border-right-style: solid !important;border-bottom-color: #dedfdf !important;border-bottom-style: solid !important;}&#8221;][vc_custom_heading text=&#8221;An\u00e1lisis y utilizaci\u00f3n de diversos veh\u00edculos legales que permitan evitar la doble tributaci\u00f3n y cargos impositivos innecesarios&#8221; font_container=&#8221;tag:p|font_size:16px|text_align:justify&#8221; use_theme_fonts=&#8221;yes&#8221;][\/vc_column][vc_column width=&#8221;1\/4&#8243; css=&#8221;.vc_custom_1550844893698{border-bottom-width: 1px !important;padding-bottom: 20px !important;background-color: rgba(115,157,211,0.45) !important;*background-color: rgb(115,157,211) !important;border-bottom-color: #dedfdf !important;border-bottom-style: solid !important;}&#8221;][vc_custom_heading text=&#8221;Asistencia y asesoramiento financiero a familiares directos localizados en la Argentina&#8221; font_container=&#8221;tag:p|font_size:16px|text_align:justify&#8221; use_theme_fonts=&#8221;yes&#8221;][\/vc_column][\/vc_row][vc_row full_width=&#8221;stretch_row&#8221; equal_height=&#8221;yes&#8221; css=&#8221;.vc_custom_1550839660886{background-color: #f7f8f8 !important;}&#8221;][vc_column width=&#8221;1\/4&#8243; css=&#8221;.vc_custom_1550841832097{border-right-width: 1px !important;border-bottom-width: 1px !important;padding-bottom: 20px !important;border-right-color: #dedfdf !important;border-right-style: solid !important;border-bottom-color: #dedfdf !important;border-bottom-style: solid !important;}&#8221;][vc_custom_heading text=&#8221;Trabajo coordinado con los asesores legales e impositivos del cliente (en caso de carecer de asesoramiento en estas \u00e1reas podemos recomendar especialistas)&#8221; font_container=&#8221;tag:p|font_size:16px|text_align:justify&#8221; use_theme_fonts=&#8221;yes&#8221;][\/vc_column][vc_column width=&#8221;1\/4&#8243; css=&#8221;.vc_custom_1550844878412{background-color: rgba(115,157,211,0.45) !important;*background-color: rgb(115,157,211) !important;}&#8221;][vc_custom_heading text=&#8221;Colaboraci\u00f3n con los asesores impositivos argentinos y\/o extranjeros para la confecci\u00f3n de las declaraciones juradas anuales, llevando registros de las transacciones, posiciones y movimientos financieros, as\u00ed como tambi\u00e9n de comprobantes de compra-venta&#8221; font_container=&#8221;tag:p|font_size:16px|text_align:justify&#8221; use_theme_fonts=&#8221;yes&#8221;][\/vc_column][vc_column width=&#8221;1\/4&#8243; css=&#8221;.vc_custom_1550841847797{border-right-width: 1px !important;border-bottom-width: 1px !important;padding-bottom: 20px !important;border-right-color: #dedfdf !important;border-right-style: solid !important;border-bottom-color: #dedfdf !important;border-bottom-style: solid !important;}&#8221;][vc_custom_heading text=&#8221;Asistencia para la compra-venta de bienes muebles e inmuebles. Trabajo coordinado con agentes inmobiliarios, abogados, contadores y notarios&#8221; font_container=&#8221;tag:p|font_size:16px|text_align:justify&#8221; use_theme_fonts=&#8221;yes&#8221;][\/vc_column][vc_column width=&#8221;1\/4&#8243; css=&#8221;.vc_custom_1550844908851{background-color: rgba(115,157,211,0.45) !important;*background-color: rgb(115,157,211) !important;}&#8221;][vc_custom_heading text=&#8221;Asesoramiento sobre ley cambiaria vigente en Argentina. Coordinaci\u00f3n y gesti\u00f3n con entidades financieras para el ingreso y egreso de fondos&#8221; font_container=&#8221;tag:p|font_size:16px|text_align:justify&#8221; use_theme_fonts=&#8221;yes&#8221;][\/vc_column][\/vc_row][vc_row full_width=&#8221;stretch_row_content&#8221; parallax=&#8221;content-moving&#8221; css=&#8221;.vc_custom_1550840218196{margin-bottom: -40px !important;background-position: center;background-repeat: no-repeat !important;background-size: cover !important;}&#8221;][vc_column css=&#8221;.vc_custom_1550840226976{padding-top: 85px !important;padding-right: 10% !important;padding-bottom: 55px !important;padding-left: 10% !important;background-color: #1464b4 !important;}&#8221;][vc_text_separator title=&#8221;&#8221; i_icon_fontawesome=&#8221;fa fa-quote-left&#8221; i_color=&#8221;custom&#8221; color=&#8221;custom&#8221; border_width=&#8221;4&#8243; el_width=&#8221;30&#8243; add_icon=&#8221;true&#8221; accent_color=&#8221;#182244&#8243; i_custom_color=&#8221;#182244&#8243;][vc_custom_heading text=&#8221;En suma, estamos en una posici\u00f3n \u00f3ptima para ayudar al expatriado argentino en EEUU a gestionar adecuadamente sus bienes, tanto en el exterior como en Argentina. &#8221; font_container=&#8221;tag:h5|font_size:30px|text_align:center|color:%23ffffff&#8221; use_theme_fonts=&#8221;yes&#8221; css=&#8221;.vc_custom_1551098092788{margin-bottom: 30px !important;}&#8221;][vc_text_separator title=&#8221;&#8221; i_icon_fontawesome=&#8221;fa fa-quote-left&#8221; i_color=&#8221;custom&#8221; color=&#8221;custom&#8221; border_width=&#8221;4&#8243; el_width=&#8221;30&#8243; add_icon=&#8221;true&#8221; accent_color=&#8221;#182244&#8243; i_custom_color=&#8221;#182244&#8243;][vc_btn title=&#8221;SOLICITE INFORMACI\u00d3N&#8221; style=&#8221;outline-custom&#8221; outline_custom_color=&#8221;#ffffff&#8221; outline_custom_hover_background=&#8221;#ffffff&#8221; outline_custom_hover_text=&#8221;#1464b4&#8243; shape=&#8221;square&#8221; align=&#8221;center&#8221; i_align=&#8221;right&#8221; i_icon_fontawesome=&#8221;fa fa-sign-out&#8221; link=&#8221;url:https%3A%2F%2Fwww.fdinternational.com%2Fcontacto%2F||target:%20_blank|&#8221; add_icon=&#8221;true&#8221;][vc_btn title=&#8221;VER ASESORAMIENTO PARA ARGENTINOS EXPATRIADOS&#8221; style=&#8221;outline-custom&#8221; outline_custom_color=&#8221;#ffffff&#8221; outline_custom_hover_background=&#8221;#ffffff&#8221; outline_custom_hover_text=&#8221;#1464b4&#8243; shape=&#8221;square&#8221; align=&#8221;center&#8221; i_align=&#8221;right&#8221; i_icon_fontawesome=&#8221;fa fa-sign-out&#8221; link=&#8221;url:https%3A%2F%2Fwww.fdinternational.com%2Fargentinos-expatriados%2F||target:%20_blank|&#8221; add_icon=&#8221;true&#8221;][\/vc_column][\/vc_row]<\/p>\n","protected":false},"excerpt":{"rendered":"<p>[vc_row full_width=&#8221;stretch_row_content_no_spaces&#8221; content_placement=&#8221;top&#8221; css=&#8221;.vc_custom_1550837460717{margin-top: -40px !important;margin-bottom: 0px !important;}&#8221;][vc_column css=&#8221;.vc_custom_1550785712108{padding-top: 0px !important;padding-bottom: 0px !important;}&#8221;][rev_slider_vc alias=&#8221;slider-arg-usa&#8221;][\/vc_column][\/vc_row][vc_row full_width=&#8221;stretch_row&#8221; el_id=&#8221;gerenciamiento&#8221;][vc_column][vc_custom_heading text=&#8221;REGISTERED INVESTMENT ADVISER (RIA)&#8221; font_container=&#8221;tag:h6|font_size:18px|text_align:left|color:%231464b4&#8243; use_theme_fonts=&#8221;yes&#8221; css=&#8221;.vc_custom_1550844165725{margin-top: 25px !important;margin-bottom: 0px !important;}&#8221;][vc_custom_heading text=&#8221;ARGENTINOS EN ESTADOS UNIDOS&#8221; font_container=&#8221;tag:h2|font_size:30px|text_align:left|line_height:1.2&#8243; use_theme_fonts=&#8221;yes&#8221;][vc_custom_heading text=&#8221;La licencia de Registered Investment Adviser (RIA) en los Estados Unidos y nuestra presencia en Buenos Aires nos permiten agregarle mucho valor [&hellip;]<\/p>\n","protected":false},"author":1,"featured_media":4387,"parent":0,"menu_order":0,"comment_status":"closed","ping_status":"closed","template":"","meta":{"footnotes":""},"yoast_head":"<!-- This site is optimized with the Yoast SEO plugin v17.1 - https:\/\/yoast.com\/wordpress\/plugins\/seo\/ -->\n<title>Asesoramiento Financiero Integral para Argentinos en EE.UU. - FDI<\/title>\n<meta name=\"description\" content=\"La licencia de Registered Investment Adviser (RIA) en EE.UU. y nuestra presencia en Buenos Aires nos permiten agregarle mucho valor al argentino residente en aquel pa\u00eds.\" \/>\n<meta name=\"robots\" content=\"index, follow, max-snippet:-1, max-image-preview:large, max-video-preview:-1\" \/>\n<link rel=\"canonical\" href=\"https:\/\/www.fdinternational.com\/argentinos-en-estados-unidos\/\" \/>\n<meta property=\"og:locale\" content=\"es_ES\" \/>\n<meta property=\"og:type\" content=\"article\" \/>\n<meta property=\"og:title\" content=\"Asesoramiento Financiero Integral para Argentinos en EE.UU. - FDI\" \/>\n<meta property=\"og:description\" content=\"La licencia de Registered Investment Adviser (RIA) en EE.UU. y nuestra presencia en Buenos Aires nos permiten agregarle mucho valor al argentino residente en aquel pa\u00eds.\" \/>\n<meta property=\"og:url\" content=\"https:\/\/www.fdinternational.com\/argentinos-en-estados-unidos\/\" \/>\n<meta property=\"og:site_name\" content=\"FDI - Gerenciadora de Patrimonios\" \/>\n<meta property=\"article:modified_time\" content=\"2021-02-04T13:04:33+00:00\" \/>\n<meta property=\"og:image\" content=\"https:\/\/www.fdinternational.com\/wp-content\/uploads\/2019\/02\/argentinos-eeuu-destacada.jpg\" \/>\n\t<meta property=\"og:image:width\" content=\"800\" \/>\n\t<meta property=\"og:image:height\" content=\"440\" \/>\n<meta name=\"twitter:card\" content=\"summary\" \/>\n<meta name=\"twitter:label1\" content=\"Tiempo de lectura\" \/>\n\t<meta name=\"twitter:data1\" content=\"7 minutos\" \/>\n<script type=\"application\/ld+json\" class=\"yoast-schema-graph\">{\"@context\":\"https:\/\/schema.org\",\"@graph\":[{\"@type\":\"WebSite\",\"@id\":\"https:\/\/www.fdinternational.com\/dev\/#website\",\"url\":\"https:\/\/www.fdinternational.com\/dev\/\",\"name\":\"FDI - Gerenciadora de Patrimonios\",\"description\":\"Gerenciamiento de Patrimonios Personales, Familiares e Institucionales\",\"potentialAction\":[{\"@type\":\"SearchAction\",\"target\":{\"@type\":\"EntryPoint\",\"urlTemplate\":\"https:\/\/www.fdinternational.com\/dev\/?s={search_term_string}\"},\"query-input\":\"required name=search_term_string\"}],\"inLanguage\":\"es-AR\"},{\"@type\":\"ImageObject\",\"@id\":\"https:\/\/www.fdinternational.com\/argentinos-en-estados-unidos\/#primaryimage\",\"inLanguage\":\"es-AR\",\"url\":\"https:\/\/www.fdinternational.com\/dev\/wp-content\/uploads\/2019\/02\/argentinos-eeuu-destacada.jpg\",\"contentUrl\":\"https:\/\/www.fdinternational.com\/dev\/wp-content\/uploads\/2019\/02\/argentinos-eeuu-destacada.jpg\",\"width\":800,\"height\":440},{\"@type\":\"WebPage\",\"@id\":\"https:\/\/www.fdinternational.com\/argentinos-en-estados-unidos\/#webpage\",\"url\":\"https:\/\/www.fdinternational.com\/argentinos-en-estados-unidos\/\",\"name\":\"Asesoramiento Financiero Integral para Argentinos en EE.UU. - FDI\",\"isPartOf\":{\"@id\":\"https:\/\/www.fdinternational.com\/dev\/#website\"},\"primaryImageOfPage\":{\"@id\":\"https:\/\/www.fdinternational.com\/argentinos-en-estados-unidos\/#primaryimage\"},\"datePublished\":\"2019-02-25T12:28:55+00:00\",\"dateModified\":\"2021-02-04T13:04:33+00:00\",\"description\":\"La licencia de Registered Investment Adviser (RIA) en EE.UU. y nuestra presencia en Buenos Aires nos permiten agregarle mucho valor al argentino residente en aquel pa\\u00eds.\",\"breadcrumb\":{\"@id\":\"https:\/\/www.fdinternational.com\/argentinos-en-estados-unidos\/#breadcrumb\"},\"inLanguage\":\"es-AR\",\"potentialAction\":[{\"@type\":\"ReadAction\",\"target\":[\"https:\/\/www.fdinternational.com\/argentinos-en-estados-unidos\/\"]}]},{\"@type\":\"BreadcrumbList\",\"@id\":\"https:\/\/www.fdinternational.com\/argentinos-en-estados-unidos\/#breadcrumb\",\"itemListElement\":[{\"@type\":\"ListItem\",\"position\":1,\"name\":\"Argentinos en EE.UU\"}]}]}<\/script>\n<!-- \/ Yoast SEO plugin. -->","yoast_head_json":{"title":"Asesoramiento Financiero Integral para Argentinos en EE.UU. - FDI","description":"La licencia de Registered Investment Adviser (RIA) en EE.UU. y nuestra presencia en Buenos Aires nos permiten agregarle mucho valor al argentino residente en aquel pa\u00eds.","robots":{"index":"index","follow":"follow","max-snippet":"max-snippet:-1","max-image-preview":"max-image-preview:large","max-video-preview":"max-video-preview:-1"},"canonical":"https:\/\/www.fdinternational.com\/argentinos-en-estados-unidos\/","og_locale":"es_ES","og_type":"article","og_title":"Asesoramiento Financiero Integral para Argentinos en EE.UU. - FDI","og_description":"La licencia de Registered Investment Adviser (RIA) en EE.UU. y nuestra presencia en Buenos Aires nos permiten agregarle mucho valor al argentino residente en aquel pa\u00eds.","og_url":"https:\/\/www.fdinternational.com\/argentinos-en-estados-unidos\/","og_site_name":"FDI - Gerenciadora de Patrimonios","article_modified_time":"2021-02-04T13:04:33+00:00","og_image":[{"width":800,"height":440,"url":"https:\/\/www.fdinternational.com\/wp-content\/uploads\/2019\/02\/argentinos-eeuu-destacada.jpg","path":"\/home\/fdintern\/public_html\/wp-content\/uploads\/2019\/02\/argentinos-eeuu-destacada.jpg","size":"full","id":4387,"alt":"","pixels":352000,"type":"image\/jpeg"}],"twitter_card":"summary","twitter_misc":{"Tiempo de lectura":"7 minutos"},"schema":{"@context":"https:\/\/schema.org","@graph":[{"@type":"WebSite","@id":"https:\/\/www.fdinternational.com\/dev\/#website","url":"https:\/\/www.fdinternational.com\/dev\/","name":"FDI - Gerenciadora de Patrimonios","description":"Gerenciamiento de Patrimonios Personales, Familiares e Institucionales","potentialAction":[{"@type":"SearchAction","target":{"@type":"EntryPoint","urlTemplate":"https:\/\/www.fdinternational.com\/dev\/?s={search_term_string}"},"query-input":"required name=search_term_string"}],"inLanguage":"es-AR"},{"@type":"ImageObject","@id":"https:\/\/www.fdinternational.com\/argentinos-en-estados-unidos\/#primaryimage","inLanguage":"es-AR","url":"https:\/\/www.fdinternational.com\/dev\/wp-content\/uploads\/2019\/02\/argentinos-eeuu-destacada.jpg","contentUrl":"https:\/\/www.fdinternational.com\/dev\/wp-content\/uploads\/2019\/02\/argentinos-eeuu-destacada.jpg","width":800,"height":440},{"@type":"WebPage","@id":"https:\/\/www.fdinternational.com\/argentinos-en-estados-unidos\/#webpage","url":"https:\/\/www.fdinternational.com\/argentinos-en-estados-unidos\/","name":"Asesoramiento Financiero Integral para Argentinos en EE.UU. - FDI","isPartOf":{"@id":"https:\/\/www.fdinternational.com\/dev\/#website"},"primaryImageOfPage":{"@id":"https:\/\/www.fdinternational.com\/argentinos-en-estados-unidos\/#primaryimage"},"datePublished":"2019-02-25T12:28:55+00:00","dateModified":"2021-02-04T13:04:33+00:00","description":"La licencia de Registered Investment Adviser (RIA) en EE.UU. y nuestra presencia en Buenos Aires nos permiten agregarle mucho valor al argentino residente en aquel pa\u00eds.","breadcrumb":{"@id":"https:\/\/www.fdinternational.com\/argentinos-en-estados-unidos\/#breadcrumb"},"inLanguage":"es-AR","potentialAction":[{"@type":"ReadAction","target":["https:\/\/www.fdinternational.com\/argentinos-en-estados-unidos\/"]}]},{"@type":"BreadcrumbList","@id":"https:\/\/www.fdinternational.com\/argentinos-en-estados-unidos\/#breadcrumb","itemListElement":[{"@type":"ListItem","position":1,"name":"Argentinos en EE.UU"}]}]}},"_links":{"self":[{"href":"https:\/\/www.fdinternational.com\/dev\/wp-json\/wp\/v2\/pages\/4375"}],"collection":[{"href":"https:\/\/www.fdinternational.com\/dev\/wp-json\/wp\/v2\/pages"}],"about":[{"href":"https:\/\/www.fdinternational.com\/dev\/wp-json\/wp\/v2\/types\/page"}],"author":[{"embeddable":true,"href":"https:\/\/www.fdinternational.com\/dev\/wp-json\/wp\/v2\/users\/1"}],"replies":[{"embeddable":true,"href":"https:\/\/www.fdinternational.com\/dev\/wp-json\/wp\/v2\/comments?post=4375"}],"version-history":[{"count":0,"href":"https:\/\/www.fdinternational.com\/dev\/wp-json\/wp\/v2\/pages\/4375\/revisions"}],"wp:featuredmedia":[{"embeddable":true,"href":"https:\/\/www.fdinternational.com\/dev\/wp-json\/wp\/v2\/media\/4387"}],"wp:attachment":[{"href":"https:\/\/www.fdinternational.com\/dev\/wp-json\/wp\/v2\/media?parent=4375"}],"curies":[{"name":"wp","href":"https:\/\/api.w.org\/{rel}","templated":true}]}}