{"id":8475,"date":"2024-04-16T16:11:23","date_gmt":"2024-04-16T19:11:23","guid":{"rendered":"https:\/\/www.fdinternational.com\/dev\/?page_id=8475"},"modified":"2024-06-21T11:29:05","modified_gmt":"2024-06-21T14:29:05","slug":"gerenciamiento-activos-financieros","status":"publish","type":"page","link":"https:\/\/www.fdinternational.com\/dev\/gerenciamiento-activos-financieros\/","title":{"rendered":"Gerenciamiento de Activos Financieros"},"content":{"rendered":"<p>[vc_row full_width=&#8221;stretch_row_content_no_spaces&#8221; css=&#8221;.vc_custom_1712224454764{margin-top: -40px !important;margin-bottom: -40px !important;}&#8221;][vc_column][vc_single_image image=&#8221;8366&#8243; img_size=&#8221;full&#8221; alignment=&#8221;center&#8221;][\/vc_column][\/vc_row][vc_row full_width=&#8221;stretch_row&#8221; gap=&#8221;1&#8243; equal_height=&#8221;yes&#8221; css=&#8221;.vc_custom_1713294963569{padding-top: 5% !important;padding-right: 10% !important;padding-left: 10% !important;background-color: #e7e7e7 !important;}&#8221;][vc_column width=&#8221;2\/5&#8243;][vc_single_image image=&#8221;8656&#8243; img_size=&#8221;80&#215;80&#8243; alignment=&#8221;right&#8221;][vc_single_image image=&#8221;8369&#8243; img_size=&#8221;full&#8221; alignment=&#8221;right&#8221; css_animation=&#8221;left-to-right&#8221;][vc_empty_space height=&#8221;30px&#8221;][vc_column_text]<\/p>\n<blockquote>\n<h1 class=\"vc_custom_heading vc_custom_1456419338129\" style=\"font-size: 28px; color: #182244; text-align: left;\"><i>Visi\u00f3n integral. M\u00e1xima rentabilidad, con m\u00ednimos riesgos y costos.<\/i><\/h1>\n<h5 class=\"vc_custom_heading vc_custom_1456419199782\" style=\"font-size: 20px; color: #182244; text-align: left;\">\u2014 FDI \u2014<\/h5>\n<div class=\"vc_separator wpb_content_element vc_separator_align_center vc_sep_width_30 vc_sep_border_width_4 vc_sep_pos_align_center\">\n<div class=\"vc_icon_element vc_icon_element-outer vc_icon_element-align-left\"><\/div>\n<p>&nbsp;<\/p>\n<\/div>\n<\/blockquote>\n<p>[\/vc_column_text][\/vc_column][vc_column width=&#8221;3\/5&#8243;][vc_custom_heading text=&#8221;<strong>Gerenciamiento de activos financieros<strong>&#8221; font_container=&#8221;tag:h2|font_size:22px|text_align:left|color:%23000000&#8243; use_theme_fonts=&#8221;yes&#8221; css=&#8221;.vc_custom_1712222444087{padding-top: 3% !important;}&#8221;][vc_column_text]<\/strong><\/strong><\/p>\n<h4><\/h4>\n<h4><span style=\"color: #000000;\">Gerenciamos las carteras de nuestros clientes utilizando los instrumentos financieros disponibles en los mercados globales de capitales. Utilizamos como custodios de las cuentas de los clientes a las m\u00e1s solventes instituciones financieras con base en EE. UU. con el mejor costo disponible. Cuando el acceso a determinados instrumentos financieros no es posible a trav\u00e9s de este tipo de entidades y desde los EE. UU., utilizamos bancos y\/o br\u00f3kers en Europa y Asia. Esto incluye la compra\/venta de bonos globales emitidos por los pa\u00edses donde residen nuestros clientes, para una estrategia de exposici\u00f3n (renta) o de \u00edndole tributaria.<\/span><\/h4>\n<div class=\"wpb_text_column wpb_content_element \">\n<div class=\"wpb_wrapper\">\n<h4 style=\"text-align: left;\"><span style=\"color: #000000;\">La administraci\u00f3n de las inversiones financieras se implementa teniendo en cuenta las caracter\u00edsticas y necesidades financieras, impositivas, legales y familiares propias de cada cliente. Cuando es necesario, trabajamos coordinadamente con sus abogados y asesores impositivos, para evitar contingencias y aprovechar las exenciones permitidas dentro de la normativa vigente en sus pa\u00edses de residencia.<\/span><\/h4>\n<\/div>\n<\/div>\n<p>[\/vc_column_text][vc_column_text]<\/p>\n<div class=\"wpb_text_column wpb_content_element \">\n<div class=\"wpb_wrapper\">\n<h4 style=\"text-align: left;\"><span style=\"color: #000000;\">Al no tener conflictos de inter\u00e9s con el cliente, nuestro servicio garantiza los menores costos del mercado, las mejores cotizaciones y las m\u00e1ximas tasas posibles. Adem\u00e1s, cuando recomendamos un custodio, una operaci\u00f3n o un instrumento financiero es porque estamos convencidos que es la mejor elecci\u00f3n y no porque esa entidad nos est\u00e9 brindando alguna retribuci\u00f3n.<\/span><\/h4>\n<h4 style=\"text-align: left;\"><span style=\"color: #000000;\">Tambi\u00e9n asesoramos a empresas e inversores institucionales en el dise\u00f1o e implementaci\u00f3n de estrategias de cobertura utilizando futuros financieros, como instrumentos de protecci\u00f3n contra movimientos adversos o no deseados en las cotizaciones de monedas, commodities y\/o metales.<\/span><\/h4>\n<h4 style=\"text-align: left;\"><\/h4>\n<\/div>\n<\/div>\n<p>[\/vc_column_text][\/vc_column][\/vc_row][vc_row full_width=&#8221;stretch_row_content_no_spaces&#8221; css=&#8221;.vc_custom_1712227443195{margin-top: -35px !important;margin-bottom: -40px !important;padding-right: 15% !important;}&#8221;][vc_column width=&#8221;1\/3&#8243;][vc_single_image image=&#8221;8418&#8243; img_size=&#8221;full&#8221; alignment=&#8221;right&#8221;][\/vc_column][vc_column width=&#8221;2\/3&#8243; css=&#8221;.vc_custom_1712226603291{padding-left: 10% !important;}&#8221;][vc_btn title=&#8221;NUESTRO CANAL ONLINE&#8221; style=&#8221;custom&#8221; custom_background=&#8221;#2c2b7d&#8221; custom_text=&#8221;#ffffff&#8221; size=&#8221;lg&#8221; align=&#8221;left&#8221; button_block=&#8221;true&#8221; css=&#8221;.vc_custom_1712227452802{padding-top: 10% !important;}&#8221;][vc_custom_heading text=&#8221;Comun\u00edcate con nosotros<br \/>\nde forma r\u00e1pida y directa.&#8221; font_container=&#8221;tag:h1|font_size:50px|text_align:left|color:%232c2b7d&#8221; use_theme_fonts=&#8221;yes&#8221;][vc_btn title=&#8221;WHATSAPP&#8221; style=&#8221;custom&#8221; custom_background=&#8221;#282928&#8243; custom_text=&#8221;#ffffff&#8221; size=&#8221;lg&#8221; align=&#8221;left&#8221; link=&#8221;url:https%3A%2F%2Fapi.whatsapp.com%2Fsend%3Fphone%3D5491152487511%26text%3DHola||target:%20_blank|&#8221; css=&#8221;.vc_custom_1712225189686{padding-bottom: 5% !important;}&#8221;][\/vc_column][\/vc_row]<\/p>\n","protected":false},"excerpt":{"rendered":"<p>[vc_row full_width=&#8221;stretch_row_content_no_spaces&#8221; css=&#8221;.vc_custom_1712224454764{margin-top: -40px !important;margin-bottom: -40px !important;}&#8221;][vc_column][vc_single_image image=&#8221;8366&#8243; img_size=&#8221;full&#8221; alignment=&#8221;center&#8221;][\/vc_column][\/vc_row][vc_row full_width=&#8221;stretch_row&#8221; gap=&#8221;1&#8243; equal_height=&#8221;yes&#8221; css=&#8221;.vc_custom_1713294963569{padding-top: 5% !important;padding-right: 10% !important;padding-left: 10% !important;background-color: #e7e7e7 !important;}&#8221;][vc_column width=&#8221;2\/5&#8243;][vc_single_image image=&#8221;8656&#8243; img_size=&#8221;80&#215;80&#8243; alignment=&#8221;right&#8221;][vc_single_image image=&#8221;8369&#8243; img_size=&#8221;full&#8221; alignment=&#8221;right&#8221; css_animation=&#8221;left-to-right&#8221;][vc_empty_space height=&#8221;30px&#8221;][vc_column_text] Visi\u00f3n integral. M\u00e1xima rentabilidad, con m\u00ednimos riesgos y costos. \u2014 FDI \u2014 &nbsp; [\/vc_column_text][\/vc_column][vc_column width=&#8221;3\/5&#8243;][vc_custom_heading text=&#8221;Gerenciamiento de activos financieros&#8221; font_container=&#8221;tag:h2|font_size:22px|text_align:left|color:%23000000&#8243; use_theme_fonts=&#8221;yes&#8221; css=&#8221;.vc_custom_1712222444087{padding-top: 3% !important;}&#8221;][vc_column_text] [&hellip;]<\/p>\n","protected":false},"author":2,"featured_media":8655,"parent":0,"menu_order":0,"comment_status":"closed","ping_status":"closed","template":"","meta":{"footnotes":""},"yoast_head":"<!-- This site is optimized with the Yoast SEO plugin v17.1 - https:\/\/yoast.com\/wordpress\/plugins\/seo\/ -->\n<title>Gerenciamiento de Activos Financieros - FDI - Gerenciadora de Patrimonios<\/title>\n<meta name=\"robots\" content=\"index, follow, max-snippet:-1, max-image-preview:large, max-video-preview:-1\" \/>\n<link rel=\"canonical\" href=\"https:\/\/www.fdinternational.com\/dev\/gerenciamiento-activos-financieros\/\" \/>\n<meta property=\"og:locale\" content=\"es_ES\" \/>\n<meta property=\"og:type\" content=\"article\" \/>\n<meta property=\"og:title\" content=\"Gerenciamiento de Activos Financieros - FDI - Gerenciadora de Patrimonios\" \/>\n<meta property=\"og:description\" content=\"[vc_row full_width=&#8221;stretch_row_content_no_spaces&#8221; css=&#8221;.vc_custom_1712224454764{margin-top: -40px !important;margin-bottom: -40px !important;}&#8221;][vc_column][vc_single_image image=&#8221;8366&#8243; img_size=&#8221;full&#8221; alignment=&#8221;center&#8221;][\/vc_column][\/vc_row][vc_row full_width=&#8221;stretch_row&#8221; gap=&#8221;1&#8243; equal_height=&#8221;yes&#8221; css=&#8221;.vc_custom_1713294963569{padding-top: 5% !important;padding-right: 10% !important;padding-left: 10% !important;background-color: #e7e7e7 !important;}&#8221;][vc_column width=&#8221;2\/5&#8243;][vc_single_image image=&#8221;8656&#8243; img_size=&#8221;80&#215;80&#8243; alignment=&#8221;right&#8221;][vc_single_image image=&#8221;8369&#8243; img_size=&#8221;full&#8221; alignment=&#8221;right&#8221; css_animation=&#8221;left-to-right&#8221;][vc_empty_space height=&#8221;30px&#8221;][vc_column_text] Visi\u00f3n integral. M\u00e1xima rentabilidad, con m\u00ednimos riesgos y costos. \u2014 FDI \u2014 &nbsp; [\/vc_column_text][\/vc_column][vc_column width=&#8221;3\/5&#8243;][vc_custom_heading text=&#8221;Gerenciamiento de activos financieros&#8221; font_container=&#8221;tag:h2|font_size:22px|text_align:left|color:%23000000&#8243; use_theme_fonts=&#8221;yes&#8221; css=&#8221;.vc_custom_1712222444087{padding-top: 3% !important;}&#8221;][vc_column_text] [&hellip;]\" \/>\n<meta property=\"og:url\" content=\"https:\/\/www.fdinternational.com\/dev\/gerenciamiento-activos-financieros\/\" \/>\n<meta property=\"og:site_name\" content=\"FDI - Gerenciadora de Patrimonios\" \/>\n<meta property=\"article:modified_time\" content=\"2024-06-21T14:29:05+00:00\" \/>\n<meta property=\"og:image\" content=\"https:\/\/www.fdinternational.com\/dev\/wp-content\/uploads\/2019\/02\/FDI-ICONOS-VIOLETA-FONDOGRIS-31-1.png\" \/>\n\t<meta property=\"og:image:width\" content=\"313\" \/>\n\t<meta property=\"og:image:height\" content=\"313\" \/>\n<meta name=\"twitter:card\" content=\"summary\" \/>\n<meta name=\"twitter:label1\" content=\"Tiempo de lectura\" \/>\n\t<meta name=\"twitter:data1\" content=\"3 minutos\" \/>\n<script type=\"application\/ld+json\" class=\"yoast-schema-graph\">{\"@context\":\"https:\/\/schema.org\",\"@graph\":[{\"@type\":\"WebSite\",\"@id\":\"https:\/\/www.fdinternational.com\/dev\/#website\",\"url\":\"https:\/\/www.fdinternational.com\/dev\/\",\"name\":\"FDI - Gerenciadora de Patrimonios\",\"description\":\"Gerenciamiento de Patrimonios Personales, Familiares e Institucionales\",\"potentialAction\":[{\"@type\":\"SearchAction\",\"target\":{\"@type\":\"EntryPoint\",\"urlTemplate\":\"https:\/\/www.fdinternational.com\/dev\/?s={search_term_string}\"},\"query-input\":\"required name=search_term_string\"}],\"inLanguage\":\"es-AR\"},{\"@type\":\"ImageObject\",\"@id\":\"https:\/\/www.fdinternational.com\/dev\/gerenciamiento-activos-financieros\/#primaryimage\",\"inLanguage\":\"es-AR\",\"url\":\"https:\/\/www.fdinternational.com\/dev\/wp-content\/uploads\/2019\/02\/FDI-ICONOS-VIOLETA-FONDOGRIS-31-1.png\",\"contentUrl\":\"https:\/\/www.fdinternational.com\/dev\/wp-content\/uploads\/2019\/02\/FDI-ICONOS-VIOLETA-FONDOGRIS-31-1.png\",\"width\":313,\"height\":313},{\"@type\":\"WebPage\",\"@id\":\"https:\/\/www.fdinternational.com\/dev\/gerenciamiento-activos-financieros\/#webpage\",\"url\":\"https:\/\/www.fdinternational.com\/dev\/gerenciamiento-activos-financieros\/\",\"name\":\"Gerenciamiento de Activos Financieros - FDI - Gerenciadora de Patrimonios\",\"isPartOf\":{\"@id\":\"https:\/\/www.fdinternational.com\/dev\/#website\"},\"primaryImageOfPage\":{\"@id\":\"https:\/\/www.fdinternational.com\/dev\/gerenciamiento-activos-financieros\/#primaryimage\"},\"datePublished\":\"2024-04-16T19:11:23+00:00\",\"dateModified\":\"2024-06-21T14:29:05+00:00\",\"breadcrumb\":{\"@id\":\"https:\/\/www.fdinternational.com\/dev\/gerenciamiento-activos-financieros\/#breadcrumb\"},\"inLanguage\":\"es-AR\",\"potentialAction\":[{\"@type\":\"ReadAction\",\"target\":[\"https:\/\/www.fdinternational.com\/dev\/gerenciamiento-activos-financieros\/\"]}]},{\"@type\":\"BreadcrumbList\",\"@id\":\"https:\/\/www.fdinternational.com\/dev\/gerenciamiento-activos-financieros\/#breadcrumb\",\"itemListElement\":[{\"@type\":\"ListItem\",\"position\":1,\"name\":\"Gerenciamiento de Activos Financieros\"}]}]}<\/script>\n<!-- \/ Yoast SEO plugin. -->","yoast_head_json":{"title":"Gerenciamiento de Activos Financieros - FDI - Gerenciadora de Patrimonios","robots":{"index":"index","follow":"follow","max-snippet":"max-snippet:-1","max-image-preview":"max-image-preview:large","max-video-preview":"max-video-preview:-1"},"canonical":"https:\/\/www.fdinternational.com\/dev\/gerenciamiento-activos-financieros\/","og_locale":"es_ES","og_type":"article","og_title":"Gerenciamiento de Activos Financieros - FDI - Gerenciadora de Patrimonios","og_description":"[vc_row full_width=&#8221;stretch_row_content_no_spaces&#8221; css=&#8221;.vc_custom_1712224454764{margin-top: -40px !important;margin-bottom: -40px !important;}&#8221;][vc_column][vc_single_image image=&#8221;8366&#8243; img_size=&#8221;full&#8221; alignment=&#8221;center&#8221;][\/vc_column][\/vc_row][vc_row full_width=&#8221;stretch_row&#8221; gap=&#8221;1&#8243; equal_height=&#8221;yes&#8221; css=&#8221;.vc_custom_1713294963569{padding-top: 5% !important;padding-right: 10% !important;padding-left: 10% !important;background-color: #e7e7e7 !important;}&#8221;][vc_column width=&#8221;2\/5&#8243;][vc_single_image image=&#8221;8656&#8243; img_size=&#8221;80&#215;80&#8243; alignment=&#8221;right&#8221;][vc_single_image image=&#8221;8369&#8243; img_size=&#8221;full&#8221; alignment=&#8221;right&#8221; css_animation=&#8221;left-to-right&#8221;][vc_empty_space height=&#8221;30px&#8221;][vc_column_text] Visi\u00f3n integral. M\u00e1xima rentabilidad, con m\u00ednimos riesgos y costos. \u2014 FDI \u2014 &nbsp; [\/vc_column_text][\/vc_column][vc_column width=&#8221;3\/5&#8243;][vc_custom_heading text=&#8221;Gerenciamiento de activos financieros&#8221; font_container=&#8221;tag:h2|font_size:22px|text_align:left|color:%23000000&#8243; use_theme_fonts=&#8221;yes&#8221; css=&#8221;.vc_custom_1712222444087{padding-top: 3% !important;}&#8221;][vc_column_text] [&hellip;]","og_url":"https:\/\/www.fdinternational.com\/dev\/gerenciamiento-activos-financieros\/","og_site_name":"FDI - Gerenciadora de Patrimonios","article_modified_time":"2024-06-21T14:29:05+00:00","og_image":[{"width":313,"height":313,"filesize":8311,"url":"https:\/\/www.fdinternational.com\/dev\/wp-content\/uploads\/2019\/02\/FDI-ICONOS-VIOLETA-FONDOGRIS-31-1.png","path":"\/home\/fdintern\/public_html\/dev\/wp-content\/uploads\/2019\/02\/FDI-ICONOS-VIOLETA-FONDOGRIS-31-1.png","size":"full","id":8655,"alt":"","pixels":97969,"type":"image\/png"}],"twitter_card":"summary","twitter_misc":{"Tiempo de lectura":"3 minutos"},"schema":{"@context":"https:\/\/schema.org","@graph":[{"@type":"WebSite","@id":"https:\/\/www.fdinternational.com\/dev\/#website","url":"https:\/\/www.fdinternational.com\/dev\/","name":"FDI - Gerenciadora de Patrimonios","description":"Gerenciamiento de Patrimonios Personales, Familiares e Institucionales","potentialAction":[{"@type":"SearchAction","target":{"@type":"EntryPoint","urlTemplate":"https:\/\/www.fdinternational.com\/dev\/?s={search_term_string}"},"query-input":"required name=search_term_string"}],"inLanguage":"es-AR"},{"@type":"ImageObject","@id":"https:\/\/www.fdinternational.com\/dev\/gerenciamiento-activos-financieros\/#primaryimage","inLanguage":"es-AR","url":"https:\/\/www.fdinternational.com\/dev\/wp-content\/uploads\/2019\/02\/FDI-ICONOS-VIOLETA-FONDOGRIS-31-1.png","contentUrl":"https:\/\/www.fdinternational.com\/dev\/wp-content\/uploads\/2019\/02\/FDI-ICONOS-VIOLETA-FONDOGRIS-31-1.png","width":313,"height":313},{"@type":"WebPage","@id":"https:\/\/www.fdinternational.com\/dev\/gerenciamiento-activos-financieros\/#webpage","url":"https:\/\/www.fdinternational.com\/dev\/gerenciamiento-activos-financieros\/","name":"Gerenciamiento de Activos Financieros - FDI - Gerenciadora de Patrimonios","isPartOf":{"@id":"https:\/\/www.fdinternational.com\/dev\/#website"},"primaryImageOfPage":{"@id":"https:\/\/www.fdinternational.com\/dev\/gerenciamiento-activos-financieros\/#primaryimage"},"datePublished":"2024-04-16T19:11:23+00:00","dateModified":"2024-06-21T14:29:05+00:00","breadcrumb":{"@id":"https:\/\/www.fdinternational.com\/dev\/gerenciamiento-activos-financieros\/#breadcrumb"},"inLanguage":"es-AR","potentialAction":[{"@type":"ReadAction","target":["https:\/\/www.fdinternational.com\/dev\/gerenciamiento-activos-financieros\/"]}]},{"@type":"BreadcrumbList","@id":"https:\/\/www.fdinternational.com\/dev\/gerenciamiento-activos-financieros\/#breadcrumb","itemListElement":[{"@type":"ListItem","position":1,"name":"Gerenciamiento de Activos Financieros"}]}]}},"_links":{"self":[{"href":"https:\/\/www.fdinternational.com\/dev\/wp-json\/wp\/v2\/pages\/8475"}],"collection":[{"href":"https:\/\/www.fdinternational.com\/dev\/wp-json\/wp\/v2\/pages"}],"about":[{"href":"https:\/\/www.fdinternational.com\/dev\/wp-json\/wp\/v2\/types\/page"}],"author":[{"embeddable":true,"href":"https:\/\/www.fdinternational.com\/dev\/wp-json\/wp\/v2\/users\/2"}],"replies":[{"embeddable":true,"href":"https:\/\/www.fdinternational.com\/dev\/wp-json\/wp\/v2\/comments?post=8475"}],"version-history":[{"count":11,"href":"https:\/\/www.fdinternational.com\/dev\/wp-json\/wp\/v2\/pages\/8475\/revisions"}],"predecessor-version":[{"id":8783,"href":"https:\/\/www.fdinternational.com\/dev\/wp-json\/wp\/v2\/pages\/8475\/revisions\/8783"}],"wp:featuredmedia":[{"embeddable":true,"href":"https:\/\/www.fdinternational.com\/dev\/wp-json\/wp\/v2\/media\/8655"}],"wp:attachment":[{"href":"https:\/\/www.fdinternational.com\/dev\/wp-json\/wp\/v2\/media?parent=8475"}],"curies":[{"name":"wp","href":"https:\/\/api.w.org\/{rel}","templated":true}]}}