{"id":8540,"date":"2024-05-22T14:58:43","date_gmt":"2024-05-22T17:58:43","guid":{"rendered":"https:\/\/www.fdinternational.com\/dev\/?page_id=8540"},"modified":"2024-06-21T11:32:40","modified_gmt":"2024-06-21T14:32:40","slug":"sociedades-trusts-fideicomisos-y-cuentas","status":"publish","type":"page","link":"https:\/\/www.fdinternational.com\/dev\/sociedades-trusts-fideicomisos-y-cuentas\/","title":{"rendered":"Gesti\u00f3n Societaria, Trusts \/ Fideicomisos y Cuentas"},"content":{"rendered":"<p>[vc_row full_width=&#8221;stretch_row_content_no_spaces&#8221; css=&#8221;.vc_custom_1712224454764{margin-top: -40px !important;margin-bottom: -40px !important;}&#8221;][vc_column][vc_single_image image=&#8221;8366&#8243; img_size=&#8221;full&#8221; alignment=&#8221;center&#8221;][\/vc_column][\/vc_row][vc_row full_width=&#8221;stretch_row&#8221; gap=&#8221;1&#8243; equal_height=&#8221;yes&#8221; css=&#8221;.vc_custom_1713294963569{padding-top: 5% !important;padding-right: 10% !important;padding-left: 10% !important;background-color: #e7e7e7 !important;}&#8221;][vc_column width=&#8221;2\/5&#8243;][vc_single_image image=&#8221;8432&#8243; img_size=&#8221;80&#215;80&#8243; alignment=&#8221;right&#8221;][vc_single_image image=&#8221;8451&#8243; img_size=&#8221;full&#8221; alignment=&#8221;right&#8221; css_animation=&#8221;left-to-right&#8221;][vc_empty_space height=&#8221;30px&#8221;][vc_column_text]<\/p>\n<blockquote>\n<h1 class=\"vc_custom_heading vc_custom_1456419338129\" style=\"font-size: 28px; color: #182244; text-align: left;\"><i>Protecci\u00f3n patrimonial y expansi\u00f3n comercial internacional.<\/i><\/h1>\n<h5 class=\"vc_custom_heading vc_custom_1456419199782\" style=\"font-size: 20px; color: #182244; text-align: left;\">\u2014 FDI \u2014<\/h5>\n<div class=\"vc_separator wpb_content_element vc_separator_align_center vc_sep_width_30 vc_sep_border_width_4 vc_sep_pos_align_center\">\n<div class=\"vc_icon_element vc_icon_element-outer vc_icon_element-align-left\"><\/div>\n<p>&nbsp;<\/p>\n<\/div>\n<\/blockquote>\n<p>[\/vc_column_text][\/vc_column][vc_column width=&#8221;3\/5&#8243;][vc_custom_heading text=&#8221;<strong>Gesti\u00f3n Societaria, Trusts \/ Fideicomisos y Cuentas <strong>&#8221; font_container=&#8221;tag:h2|font_size:22px|text_align:left|color:%23000000&#8243; use_theme_fonts=&#8221;yes&#8221; css=&#8221;.vc_custom_1716400608980{padding-top: 3% !important;}&#8221;][vc_column_text]<\/strong><\/strong><\/p>\n<h4><\/h4>\n<h4><span style=\"color: #000000;\">Estructuramos veh\u00edculos legales -sociedades, fundaciones, fideicomisos y estructuras holding\u2013, combinando seguridad jur\u00eddica con eficiencia impositiva. Lo hacemos en forma coordinada con reconocidos estudios de abogados y tributaristas internacionales con presencia en diversos pa\u00edses. Estos instrumentos permiten: <\/span><\/h4>\n<p>[\/vc_column_text][vc_column_text]<\/p>\n<div class=\"wpb_text_column wpb_content_element \">\n<div class=\"wpb_wrapper\">\n<ul>\n<li>\n<h4><span style=\"color: #000000;\">Despersonalizar y proteger activos e inversiones en el exterior y\/o en los pa\u00edses de residencia de los clientes (este \u00faltimo toda vez que la normativa local lo permita).<\/span><\/h4>\n<\/li>\n<li>\n<h4><span style=\"color: #000000;\">Estructurar operaciones comerciales internacionales, para satisfacer las exigencias de los clientes del exterior, a trav\u00e9s de herramientas m\u00e1s eficientes desde el punto de vista fiscal (sociedades operativas).<\/span><\/h4>\n<\/li>\n<li>\n<h4><span style=\"color: #000000;\">Consolidar operaciones de empresas en m\u00e1s de un pa\u00eds, bajo el paraguas de una estructura holding impositivamente eficiente.<\/span><\/h4>\n<\/li>\n<li>\n<h4><span style=\"color: #000000;\">Instrumentar una estrategia de planificaci\u00f3n fiscal internacional eficiente, que le brinde al cliente ahorros tributarios sin dejar de cumplir con la normativa vigente en su pa\u00eds de residencia y\/o en el pa\u00eds o pa\u00edses en donde residen sus clientes.<\/span><\/h4>\n<\/li>\n<li>\n<h4><span style=\"color: #000000;\">Dar soluci\u00f3n a deseos hereditarios, as\u00ed como tambi\u00e9n reducir o anular el impacto del impuesto a la herencia del pa\u00eds de residencia y\/o de los pa\u00edses donde se invierte.<\/span><\/h4>\n<\/li>\n<\/ul>\n<h4><span style=\"color: #000000;\">Toda vez que el cliente lo requiera, el servicio puede incluir aperturas de cuenta, tanto sea en bancos comerciales, br\u00f3kers de inversi\u00f3n, plataformas de pago\/cobro y\/o exchanges de criptomonedas.<\/span><\/h4>\n<h4><span style=\"color: #000000;\"><strong>IMPORTANTE<\/strong>: \u00a0Esta soluci\u00f3n se brinda desde nuestras oficinas en Montevideo, Uruguay.<\/span><\/h4>\n<\/div>\n<\/div>\n<p>[\/vc_column_text][\/vc_column][\/vc_row][vc_row full_width=&#8221;stretch_row_content_no_spaces&#8221; css=&#8221;.vc_custom_1712227443195{margin-top: -35px !important;margin-bottom: -40px !important;padding-right: 15% !important;}&#8221;][vc_column width=&#8221;1\/3&#8243;][vc_single_image image=&#8221;8418&#8243; img_size=&#8221;full&#8221; alignment=&#8221;right&#8221;][\/vc_column][vc_column width=&#8221;2\/3&#8243; css=&#8221;.vc_custom_1712226603291{padding-left: 10% !important;}&#8221;][vc_btn title=&#8221;NUESTRO CANAL ONLINE&#8221; style=&#8221;custom&#8221; custom_background=&#8221;#2c2b7d&#8221; custom_text=&#8221;#ffffff&#8221; size=&#8221;lg&#8221; align=&#8221;left&#8221; button_block=&#8221;true&#8221; css=&#8221;.vc_custom_1712227452802{padding-top: 10% !important;}&#8221;][vc_custom_heading text=&#8221;Comun\u00edcate con nosotros<br \/>\nde forma r\u00e1pida y directa.&#8221; font_container=&#8221;tag:h1|font_size:50px|text_align:left|color:%232c2b7d&#8221; use_theme_fonts=&#8221;yes&#8221;][vc_btn title=&#8221;WHATSAPP&#8221; style=&#8221;custom&#8221; custom_background=&#8221;#282928&#8243; custom_text=&#8221;#ffffff&#8221; size=&#8221;lg&#8221; align=&#8221;left&#8221; link=&#8221;url:https%3A%2F%2Fapi.whatsapp.com%2Fsend%3Fphone%3D5491152487511%26text%3DHola||target:%20_blank|&#8221; css=&#8221;.vc_custom_1712225189686{padding-bottom: 5% !important;}&#8221;][\/vc_column][\/vc_row]<\/p>\n","protected":false},"excerpt":{"rendered":"<p>[vc_row full_width=&#8221;stretch_row_content_no_spaces&#8221; css=&#8221;.vc_custom_1712224454764{margin-top: -40px !important;margin-bottom: -40px !important;}&#8221;][vc_column][vc_single_image image=&#8221;8366&#8243; img_size=&#8221;full&#8221; alignment=&#8221;center&#8221;][\/vc_column][\/vc_row][vc_row full_width=&#8221;stretch_row&#8221; gap=&#8221;1&#8243; equal_height=&#8221;yes&#8221; css=&#8221;.vc_custom_1713294963569{padding-top: 5% !important;padding-right: 10% !important;padding-left: 10% !important;background-color: #e7e7e7 !important;}&#8221;][vc_column width=&#8221;2\/5&#8243;][vc_single_image image=&#8221;8432&#8243; img_size=&#8221;80&#215;80&#8243; alignment=&#8221;right&#8221;][vc_single_image image=&#8221;8451&#8243; img_size=&#8221;full&#8221; alignment=&#8221;right&#8221; css_animation=&#8221;left-to-right&#8221;][vc_empty_space height=&#8221;30px&#8221;][vc_column_text] Protecci\u00f3n patrimonial y expansi\u00f3n comercial internacional. \u2014 FDI \u2014 &nbsp; [\/vc_column_text][\/vc_column][vc_column width=&#8221;3\/5&#8243;][vc_custom_heading text=&#8221;Gesti\u00f3n Societaria, Trusts \/ Fideicomisos y Cuentas &#8221; font_container=&#8221;tag:h2|font_size:22px|text_align:left|color:%23000000&#8243; use_theme_fonts=&#8221;yes&#8221; css=&#8221;.vc_custom_1716400608980{padding-top: 3% [&hellip;]<\/p>\n","protected":false},"author":2,"featured_media":8226,"parent":0,"menu_order":0,"comment_status":"closed","ping_status":"closed","template":"","meta":{"footnotes":""},"yoast_head":"<!-- This site is optimized with the Yoast SEO plugin v17.1 - https:\/\/yoast.com\/wordpress\/plugins\/seo\/ -->\n<title>Gesti\u00f3n Societaria, Trusts \/ Fideicomisos y Cuentas - FDI - Gerenciadora de Patrimonios<\/title>\n<meta name=\"robots\" content=\"index, follow, max-snippet:-1, max-image-preview:large, max-video-preview:-1\" \/>\n<link rel=\"canonical\" href=\"https:\/\/www.fdinternational.com\/dev\/sociedades-trusts-fideicomisos-y-cuentas\/\" \/>\n<meta property=\"og:locale\" content=\"es_ES\" \/>\n<meta property=\"og:type\" content=\"article\" \/>\n<meta property=\"og:title\" content=\"Gesti\u00f3n Societaria, Trusts \/ Fideicomisos y Cuentas - FDI - Gerenciadora de Patrimonios\" \/>\n<meta property=\"og:description\" content=\"[vc_row full_width=&#8221;stretch_row_content_no_spaces&#8221; css=&#8221;.vc_custom_1712224454764{margin-top: -40px !important;margin-bottom: -40px !important;}&#8221;][vc_column][vc_single_image image=&#8221;8366&#8243; img_size=&#8221;full&#8221; alignment=&#8221;center&#8221;][\/vc_column][\/vc_row][vc_row full_width=&#8221;stretch_row&#8221; gap=&#8221;1&#8243; equal_height=&#8221;yes&#8221; css=&#8221;.vc_custom_1713294963569{padding-top: 5% !important;padding-right: 10% !important;padding-left: 10% !important;background-color: #e7e7e7 !important;}&#8221;][vc_column width=&#8221;2\/5&#8243;][vc_single_image image=&#8221;8432&#8243; img_size=&#8221;80&#215;80&#8243; alignment=&#8221;right&#8221;][vc_single_image image=&#8221;8451&#8243; img_size=&#8221;full&#8221; alignment=&#8221;right&#8221; css_animation=&#8221;left-to-right&#8221;][vc_empty_space height=&#8221;30px&#8221;][vc_column_text] Protecci\u00f3n patrimonial y expansi\u00f3n comercial internacional. \u2014 FDI \u2014 &nbsp; [\/vc_column_text][\/vc_column][vc_column width=&#8221;3\/5&#8243;][vc_custom_heading text=&#8221;Gesti\u00f3n Societaria, Trusts \/ Fideicomisos y Cuentas &#8221; font_container=&#8221;tag:h2|font_size:22px|text_align:left|color:%23000000&#8243; use_theme_fonts=&#8221;yes&#8221; css=&#8221;.vc_custom_1716400608980{padding-top: 3% [&hellip;]\" \/>\n<meta property=\"og:url\" content=\"https:\/\/www.fdinternational.com\/dev\/sociedades-trusts-fideicomisos-y-cuentas\/\" \/>\n<meta property=\"og:site_name\" content=\"FDI - Gerenciadora de Patrimonios\" \/>\n<meta property=\"article:modified_time\" content=\"2024-06-21T14:32:40+00:00\" \/>\n<meta property=\"og:image\" content=\"https:\/\/www.fdinternational.com\/dev\/wp-content\/uploads\/2021\/06\/FDI-ICONOS-SOLUCIONES-34.png\" \/>\n\t<meta property=\"og:image:width\" content=\"314\" \/>\n\t<meta property=\"og:image:height\" content=\"313\" \/>\n<meta name=\"twitter:card\" content=\"summary\" \/>\n<meta name=\"twitter:label1\" content=\"Tiempo de lectura\" \/>\n\t<meta name=\"twitter:data1\" content=\"3 minutos\" \/>\n<script type=\"application\/ld+json\" class=\"yoast-schema-graph\">{\"@context\":\"https:\/\/schema.org\",\"@graph\":[{\"@type\":\"WebSite\",\"@id\":\"https:\/\/www.fdinternational.com\/dev\/#website\",\"url\":\"https:\/\/www.fdinternational.com\/dev\/\",\"name\":\"FDI - Gerenciadora de Patrimonios\",\"description\":\"Gerenciamiento de Patrimonios Personales, Familiares e Institucionales\",\"potentialAction\":[{\"@type\":\"SearchAction\",\"target\":{\"@type\":\"EntryPoint\",\"urlTemplate\":\"https:\/\/www.fdinternational.com\/dev\/?s={search_term_string}\"},\"query-input\":\"required name=search_term_string\"}],\"inLanguage\":\"es-AR\"},{\"@type\":\"ImageObject\",\"@id\":\"https:\/\/www.fdinternational.com\/dev\/sociedades-trusts-fideicomisos-y-cuentas\/#primaryimage\",\"inLanguage\":\"es-AR\",\"url\":\"https:\/\/www.fdinternational.com\/dev\/wp-content\/uploads\/2021\/06\/FDI-ICONOS-SOLUCIONES-34.png\",\"contentUrl\":\"https:\/\/www.fdinternational.com\/dev\/wp-content\/uploads\/2021\/06\/FDI-ICONOS-SOLUCIONES-34.png\",\"width\":314,\"height\":313},{\"@type\":\"WebPage\",\"@id\":\"https:\/\/www.fdinternational.com\/dev\/sociedades-trusts-fideicomisos-y-cuentas\/#webpage\",\"url\":\"https:\/\/www.fdinternational.com\/dev\/sociedades-trusts-fideicomisos-y-cuentas\/\",\"name\":\"Gesti\\u00f3n Societaria, Trusts \/ Fideicomisos y Cuentas - FDI - Gerenciadora de Patrimonios\",\"isPartOf\":{\"@id\":\"https:\/\/www.fdinternational.com\/dev\/#website\"},\"primaryImageOfPage\":{\"@id\":\"https:\/\/www.fdinternational.com\/dev\/sociedades-trusts-fideicomisos-y-cuentas\/#primaryimage\"},\"datePublished\":\"2024-05-22T17:58:43+00:00\",\"dateModified\":\"2024-06-21T14:32:40+00:00\",\"breadcrumb\":{\"@id\":\"https:\/\/www.fdinternational.com\/dev\/sociedades-trusts-fideicomisos-y-cuentas\/#breadcrumb\"},\"inLanguage\":\"es-AR\",\"potentialAction\":[{\"@type\":\"ReadAction\",\"target\":[\"https:\/\/www.fdinternational.com\/dev\/sociedades-trusts-fideicomisos-y-cuentas\/\"]}]},{\"@type\":\"BreadcrumbList\",\"@id\":\"https:\/\/www.fdinternational.com\/dev\/sociedades-trusts-fideicomisos-y-cuentas\/#breadcrumb\",\"itemListElement\":[{\"@type\":\"ListItem\",\"position\":1,\"name\":\"Gesti\\u00f3n Societaria, Trusts \/ Fideicomisos y Cuentas\"}]}]}<\/script>\n<!-- \/ Yoast SEO plugin. -->","yoast_head_json":{"title":"Gesti\u00f3n Societaria, Trusts \/ Fideicomisos y Cuentas - FDI - Gerenciadora de Patrimonios","robots":{"index":"index","follow":"follow","max-snippet":"max-snippet:-1","max-image-preview":"max-image-preview:large","max-video-preview":"max-video-preview:-1"},"canonical":"https:\/\/www.fdinternational.com\/dev\/sociedades-trusts-fideicomisos-y-cuentas\/","og_locale":"es_ES","og_type":"article","og_title":"Gesti\u00f3n Societaria, Trusts \/ Fideicomisos y Cuentas - FDI - Gerenciadora de Patrimonios","og_description":"[vc_row full_width=&#8221;stretch_row_content_no_spaces&#8221; css=&#8221;.vc_custom_1712224454764{margin-top: -40px !important;margin-bottom: -40px !important;}&#8221;][vc_column][vc_single_image image=&#8221;8366&#8243; img_size=&#8221;full&#8221; alignment=&#8221;center&#8221;][\/vc_column][\/vc_row][vc_row full_width=&#8221;stretch_row&#8221; gap=&#8221;1&#8243; equal_height=&#8221;yes&#8221; css=&#8221;.vc_custom_1713294963569{padding-top: 5% !important;padding-right: 10% !important;padding-left: 10% !important;background-color: #e7e7e7 !important;}&#8221;][vc_column width=&#8221;2\/5&#8243;][vc_single_image image=&#8221;8432&#8243; img_size=&#8221;80&#215;80&#8243; alignment=&#8221;right&#8221;][vc_single_image image=&#8221;8451&#8243; img_size=&#8221;full&#8221; alignment=&#8221;right&#8221; css_animation=&#8221;left-to-right&#8221;][vc_empty_space height=&#8221;30px&#8221;][vc_column_text] Protecci\u00f3n patrimonial y expansi\u00f3n comercial internacional. \u2014 FDI \u2014 &nbsp; [\/vc_column_text][\/vc_column][vc_column width=&#8221;3\/5&#8243;][vc_custom_heading text=&#8221;Gesti\u00f3n Societaria, Trusts \/ Fideicomisos y Cuentas &#8221; font_container=&#8221;tag:h2|font_size:22px|text_align:left|color:%23000000&#8243; use_theme_fonts=&#8221;yes&#8221; css=&#8221;.vc_custom_1716400608980{padding-top: 3% [&hellip;]","og_url":"https:\/\/www.fdinternational.com\/dev\/sociedades-trusts-fideicomisos-y-cuentas\/","og_site_name":"FDI - Gerenciadora de Patrimonios","article_modified_time":"2024-06-21T14:32:40+00:00","og_image":[{"width":314,"height":313,"filesize":6901,"url":"https:\/\/www.fdinternational.com\/dev\/wp-content\/uploads\/2021\/06\/FDI-ICONOS-SOLUCIONES-34.png","path":"\/home\/fdintern\/public_html\/dev\/wp-content\/uploads\/2021\/06\/FDI-ICONOS-SOLUCIONES-34.png","size":"full","id":8226,"alt":"","pixels":98282,"type":"image\/png"}],"twitter_card":"summary","twitter_misc":{"Tiempo de lectura":"3 minutos"},"schema":{"@context":"https:\/\/schema.org","@graph":[{"@type":"WebSite","@id":"https:\/\/www.fdinternational.com\/dev\/#website","url":"https:\/\/www.fdinternational.com\/dev\/","name":"FDI - Gerenciadora de Patrimonios","description":"Gerenciamiento de Patrimonios Personales, Familiares e Institucionales","potentialAction":[{"@type":"SearchAction","target":{"@type":"EntryPoint","urlTemplate":"https:\/\/www.fdinternational.com\/dev\/?s={search_term_string}"},"query-input":"required name=search_term_string"}],"inLanguage":"es-AR"},{"@type":"ImageObject","@id":"https:\/\/www.fdinternational.com\/dev\/sociedades-trusts-fideicomisos-y-cuentas\/#primaryimage","inLanguage":"es-AR","url":"https:\/\/www.fdinternational.com\/dev\/wp-content\/uploads\/2021\/06\/FDI-ICONOS-SOLUCIONES-34.png","contentUrl":"https:\/\/www.fdinternational.com\/dev\/wp-content\/uploads\/2021\/06\/FDI-ICONOS-SOLUCIONES-34.png","width":314,"height":313},{"@type":"WebPage","@id":"https:\/\/www.fdinternational.com\/dev\/sociedades-trusts-fideicomisos-y-cuentas\/#webpage","url":"https:\/\/www.fdinternational.com\/dev\/sociedades-trusts-fideicomisos-y-cuentas\/","name":"Gesti\u00f3n Societaria, Trusts \/ Fideicomisos y Cuentas - FDI - Gerenciadora de Patrimonios","isPartOf":{"@id":"https:\/\/www.fdinternational.com\/dev\/#website"},"primaryImageOfPage":{"@id":"https:\/\/www.fdinternational.com\/dev\/sociedades-trusts-fideicomisos-y-cuentas\/#primaryimage"},"datePublished":"2024-05-22T17:58:43+00:00","dateModified":"2024-06-21T14:32:40+00:00","breadcrumb":{"@id":"https:\/\/www.fdinternational.com\/dev\/sociedades-trusts-fideicomisos-y-cuentas\/#breadcrumb"},"inLanguage":"es-AR","potentialAction":[{"@type":"ReadAction","target":["https:\/\/www.fdinternational.com\/dev\/sociedades-trusts-fideicomisos-y-cuentas\/"]}]},{"@type":"BreadcrumbList","@id":"https:\/\/www.fdinternational.com\/dev\/sociedades-trusts-fideicomisos-y-cuentas\/#breadcrumb","itemListElement":[{"@type":"ListItem","position":1,"name":"Gesti\u00f3n Societaria, Trusts \/ Fideicomisos y Cuentas"}]}]}},"_links":{"self":[{"href":"https:\/\/www.fdinternational.com\/dev\/wp-json\/wp\/v2\/pages\/8540"}],"collection":[{"href":"https:\/\/www.fdinternational.com\/dev\/wp-json\/wp\/v2\/pages"}],"about":[{"href":"https:\/\/www.fdinternational.com\/dev\/wp-json\/wp\/v2\/types\/page"}],"author":[{"embeddable":true,"href":"https:\/\/www.fdinternational.com\/dev\/wp-json\/wp\/v2\/users\/2"}],"replies":[{"embeddable":true,"href":"https:\/\/www.fdinternational.com\/dev\/wp-json\/wp\/v2\/comments?post=8540"}],"version-history":[{"count":5,"href":"https:\/\/www.fdinternational.com\/dev\/wp-json\/wp\/v2\/pages\/8540\/revisions"}],"predecessor-version":[{"id":8787,"href":"https:\/\/www.fdinternational.com\/dev\/wp-json\/wp\/v2\/pages\/8540\/revisions\/8787"}],"wp:featuredmedia":[{"embeddable":true,"href":"https:\/\/www.fdinternational.com\/dev\/wp-json\/wp\/v2\/media\/8226"}],"wp:attachment":[{"href":"https:\/\/www.fdinternational.com\/dev\/wp-json\/wp\/v2\/media?parent=8540"}],"curies":[{"name":"wp","href":"https:\/\/api.w.org\/{rel}","templated":true}]}}