{"id":8548,"date":"2024-05-22T15:10:20","date_gmt":"2024-05-22T18:10:20","guid":{"rendered":"https:\/\/www.fdinternational.com\/dev\/?page_id=8548"},"modified":"2024-06-21T11:34:29","modified_gmt":"2024-06-21T14:34:29","slug":"protector-financiero","status":"publish","type":"page","link":"https:\/\/www.fdinternational.com\/dev\/protector-financiero\/","title":{"rendered":"Protector Financiero"},"content":{"rendered":"<p>[vc_row full_width=&#8221;stretch_row_content_no_spaces&#8221; css=&#8221;.vc_custom_1712224454764{margin-top: -40px !important;margin-bottom: -40px !important;}&#8221;][vc_column][vc_single_image image=&#8221;8679&#8243; img_size=&#8221;full&#8221; alignment=&#8221;center&#8221;][\/vc_column][\/vc_row][vc_row full_width=&#8221;stretch_row&#8221; gap=&#8221;1&#8243; equal_height=&#8221;yes&#8221; css=&#8221;.vc_custom_1713294963569{padding-top: 5% !important;padding-right: 10% !important;padding-left: 10% !important;background-color: #e7e7e7 !important;}&#8221;][vc_column width=&#8221;2\/5&#8243;][vc_single_image image=&#8221;8435&#8243; img_size=&#8221;80&#215;80&#8243; alignment=&#8221;right&#8221;][vc_single_image image=&#8221;8452&#8243; img_size=&#8221;full&#8221; alignment=&#8221;right&#8221; css_animation=&#8221;left-to-right&#8221;][vc_empty_space height=&#8221;30px&#8221;][vc_column_text]<\/p>\n<blockquote>\n<h1 class=\"vc_custom_heading vc_custom_1456419338129\" style=\"font-size: 28px; color: #182244; text-align: left;\"><i>Control + Recomendaciones de mejora + Reducci\u00f3n de costos y comisiones.<\/i><\/h1>\n<h5 class=\"vc_custom_heading vc_custom_1456419199782\" style=\"font-size: 20px; color: #182244; text-align: left;\">\u2014 FDI \u2014<\/h5>\n<div class=\"vc_separator wpb_content_element vc_separator_align_center vc_sep_width_30 vc_sep_border_width_4 vc_sep_pos_align_center\">\n<div class=\"vc_icon_element vc_icon_element-outer vc_icon_element-align-left\"><\/div>\n<p>&nbsp;<\/p>\n<\/div>\n<\/blockquote>\n<p>[\/vc_column_text][\/vc_column][vc_column width=&#8221;3\/5&#8243;][vc_custom_heading text=&#8221;<strong>Protector Financiero<strong>&#8221; font_container=&#8221;tag:h2|font_size:22px|text_align:left|color:%23000000&#8243; use_theme_fonts=&#8221;yes&#8221; css=&#8221;.vc_custom_1716401213809{padding-top: 3% !important;}&#8221;][vc_column_text]<\/strong><\/strong><\/p>\n<h4><\/h4>\n<h4><span style=\"color: #000000;\">Muchas veces recibimos consultas de inversores porque tienen dudas sobre c\u00f3mo sus asesores financieros gestionan sus inversiones. Las dudas habituales son: <\/span><\/h4>\n<p>[\/vc_column_text][vc_column_text]<\/p>\n<div class=\"wpb_text_column wpb_content_element \">\n<div class=\"wpb_wrapper\">\n<ul>\n<li>\n<h4><span style=\"color: #000000;\">Si las inversiones tienen el rendimiento apropiado<\/span><\/h4>\n<\/li>\n<li>\n<h4><span style=\"color: #000000;\">Si son las apropiadas para su perfil de riesgo<\/span><\/h4>\n<\/li>\n<li>\n<h4><span style=\"color: #000000;\">Si los gastos y comisiones que paga para administrar su cartera son los m\u00e1s bajos del mercado<\/span><\/h4>\n<\/li>\n<li>\n<h4><span style=\"color: #000000;\">Si est\u00e1 lo suficientemente informado sobre c\u00f3mo impactan los gastos en su rendimiento.<\/span><\/h4>\n<\/li>\n<\/ul>\n<h4><span style=\"color: #000000;\">\u00c9stas son algunas de las preguntas que inquietan a los inversores y que en FDI podemos ayudarlos a responderlas realizando una revisi\u00f3n exhaustiva de su portafolio.<\/span><\/h4>\n<h4><span style=\"color: #000000;\">Es muy valioso tener una segunda opini\u00f3n objetiva e imparcial. \u00a0Especialmente cuando se trabaja con asesores que son empleados de entidades financieras o son \u201cindependientes\u201d, pero tienen acuerdos comerciales y reciben comisiones por cada operaci\u00f3n que realizan. \u00a0En ambos casos, puede existir un conflicto de inter\u00e9s con el inversor. \u00bfRealmente est\u00e1n realizando esas transacciones porque le conviene al inversor o porque ganan dinero?<\/span><\/h4>\n<h4><span style=\"color: #000000;\">Nuestros profesionales proveen an\u00e1lisis e informaci\u00f3n objetiva sin distinci\u00f3n de mercados, t\u00edtulos ni instrumentos financieros. Recomiendan y asesoran al inversor sobre c\u00f3mo debiese estar estructurada su cartera o portafolio, de acuerdo con sus objetivos, necesidades de liquidez y particularidades patrimoniales, fiscales y familiares.<\/span><\/h4>\n<h4><span style=\"color: #000000;\">Tambi\u00e9n asesoran sobre el detalle de los instrumentos y t\u00edtulos que se pueden adquirir con la misma instituci\u00f3n financiera con la que ya trabaja, siempre buscando y recomendando opciones superadoras que contribuyan a incrementar la rentabilidad, liquidez, reducir costos al m\u00ednimo posible y reducir impuestos.<\/span><\/h4>\n<\/div>\n<\/div>\n<p>[\/vc_column_text][vc_video link=&#8221;https:\/\/youtu.be\/Em9LAtWN0H8&#8243;][\/vc_column][\/vc_row][vc_row full_width=&#8221;stretch_row_content_no_spaces&#8221; css=&#8221;.vc_custom_1712227443195{margin-top: -35px !important;margin-bottom: -40px !important;padding-right: 15% !important;}&#8221;][vc_column width=&#8221;1\/3&#8243;][vc_single_image image=&#8221;8418&#8243; img_size=&#8221;full&#8221; alignment=&#8221;right&#8221;][\/vc_column][vc_column width=&#8221;2\/3&#8243; css=&#8221;.vc_custom_1712226603291{padding-left: 10% !important;}&#8221;][vc_btn title=&#8221;NUESTRO CANAL ONLINE&#8221; style=&#8221;custom&#8221; custom_background=&#8221;#2c2b7d&#8221; custom_text=&#8221;#ffffff&#8221; size=&#8221;lg&#8221; align=&#8221;left&#8221; button_block=&#8221;true&#8221; css=&#8221;.vc_custom_1712227452802{padding-top: 10% !important;}&#8221;][vc_custom_heading text=&#8221;Comun\u00edcate con nosotros<br \/>\nde forma r\u00e1pida y directa.&#8221; font_container=&#8221;tag:h1|font_size:50px|text_align:left|color:%232c2b7d&#8221; use_theme_fonts=&#8221;yes&#8221;][vc_btn title=&#8221;WHATSAPP&#8221; style=&#8221;custom&#8221; custom_background=&#8221;#282928&#8243; custom_text=&#8221;#ffffff&#8221; size=&#8221;lg&#8221; align=&#8221;left&#8221; link=&#8221;url:https%3A%2F%2Fapi.whatsapp.com%2Fsend%3Fphone%3D5491152487511%26text%3DHola||target:%20_blank|&#8221; css=&#8221;.vc_custom_1712225189686{padding-bottom: 5% !important;}&#8221;][\/vc_column][\/vc_row]<\/p>\n","protected":false},"excerpt":{"rendered":"<p>[vc_row full_width=&#8221;stretch_row_content_no_spaces&#8221; css=&#8221;.vc_custom_1712224454764{margin-top: -40px !important;margin-bottom: -40px !important;}&#8221;][vc_column][vc_single_image image=&#8221;8679&#8243; img_size=&#8221;full&#8221; alignment=&#8221;center&#8221;][\/vc_column][\/vc_row][vc_row full_width=&#8221;stretch_row&#8221; gap=&#8221;1&#8243; equal_height=&#8221;yes&#8221; css=&#8221;.vc_custom_1713294963569{padding-top: 5% !important;padding-right: 10% !important;padding-left: 10% !important;background-color: #e7e7e7 !important;}&#8221;][vc_column width=&#8221;2\/5&#8243;][vc_single_image image=&#8221;8435&#8243; img_size=&#8221;80&#215;80&#8243; alignment=&#8221;right&#8221;][vc_single_image image=&#8221;8452&#8243; img_size=&#8221;full&#8221; alignment=&#8221;right&#8221; css_animation=&#8221;left-to-right&#8221;][vc_empty_space height=&#8221;30px&#8221;][vc_column_text] Control + Recomendaciones de mejora + Reducci\u00f3n de costos y comisiones. \u2014 FDI \u2014 &nbsp; [\/vc_column_text][\/vc_column][vc_column width=&#8221;3\/5&#8243;][vc_custom_heading text=&#8221;Protector Financiero&#8221; font_container=&#8221;tag:h2|font_size:22px|text_align:left|color:%23000000&#8243; use_theme_fonts=&#8221;yes&#8221; css=&#8221;.vc_custom_1716401213809{padding-top: 3% !important;}&#8221;][vc_column_text] [&hellip;]<\/p>\n","protected":false},"author":2,"featured_media":8227,"parent":0,"menu_order":0,"comment_status":"closed","ping_status":"closed","template":"","meta":{"footnotes":""},"yoast_head":"<!-- This site is optimized with the Yoast SEO plugin v17.1 - https:\/\/yoast.com\/wordpress\/plugins\/seo\/ -->\n<title>Protector Financiero - FDI - Gerenciadora de Patrimonios<\/title>\n<meta name=\"robots\" content=\"index, follow, max-snippet:-1, max-image-preview:large, max-video-preview:-1\" \/>\n<link rel=\"canonical\" href=\"https:\/\/www.fdinternational.com\/dev\/protector-financiero\/\" \/>\n<meta property=\"og:locale\" content=\"es_ES\" \/>\n<meta property=\"og:type\" content=\"article\" \/>\n<meta property=\"og:title\" content=\"Protector Financiero - FDI - Gerenciadora de Patrimonios\" \/>\n<meta property=\"og:description\" content=\"[vc_row full_width=&#8221;stretch_row_content_no_spaces&#8221; css=&#8221;.vc_custom_1712224454764{margin-top: -40px !important;margin-bottom: -40px !important;}&#8221;][vc_column][vc_single_image image=&#8221;8679&#8243; img_size=&#8221;full&#8221; alignment=&#8221;center&#8221;][\/vc_column][\/vc_row][vc_row full_width=&#8221;stretch_row&#8221; gap=&#8221;1&#8243; equal_height=&#8221;yes&#8221; css=&#8221;.vc_custom_1713294963569{padding-top: 5% !important;padding-right: 10% !important;padding-left: 10% !important;background-color: #e7e7e7 !important;}&#8221;][vc_column width=&#8221;2\/5&#8243;][vc_single_image image=&#8221;8435&#8243; img_size=&#8221;80&#215;80&#8243; alignment=&#8221;right&#8221;][vc_single_image image=&#8221;8452&#8243; img_size=&#8221;full&#8221; alignment=&#8221;right&#8221; css_animation=&#8221;left-to-right&#8221;][vc_empty_space height=&#8221;30px&#8221;][vc_column_text] Control + Recomendaciones de mejora + Reducci\u00f3n de costos y comisiones. \u2014 FDI \u2014 &nbsp; [\/vc_column_text][\/vc_column][vc_column width=&#8221;3\/5&#8243;][vc_custom_heading text=&#8221;Protector Financiero&#8221; font_container=&#8221;tag:h2|font_size:22px|text_align:left|color:%23000000&#8243; use_theme_fonts=&#8221;yes&#8221; css=&#8221;.vc_custom_1716401213809{padding-top: 3% !important;}&#8221;][vc_column_text] [&hellip;]\" \/>\n<meta property=\"og:url\" content=\"https:\/\/www.fdinternational.com\/dev\/protector-financiero\/\" \/>\n<meta property=\"og:site_name\" content=\"FDI - Gerenciadora de Patrimonios\" \/>\n<meta property=\"article:modified_time\" content=\"2024-06-21T14:34:29+00:00\" \/>\n<meta property=\"og:image\" content=\"https:\/\/www.fdinternational.com\/dev\/wp-content\/uploads\/2021\/05\/FDI-ICONOS-SOLUCIONES-35.png\" \/>\n\t<meta property=\"og:image:width\" content=\"314\" \/>\n\t<meta property=\"og:image:height\" content=\"313\" \/>\n<meta name=\"twitter:card\" content=\"summary\" \/>\n<meta name=\"twitter:label1\" content=\"Tiempo de lectura\" \/>\n\t<meta name=\"twitter:data1\" content=\"3 minutos\" \/>\n<script type=\"application\/ld+json\" class=\"yoast-schema-graph\">{\"@context\":\"https:\/\/schema.org\",\"@graph\":[{\"@type\":\"WebSite\",\"@id\":\"https:\/\/www.fdinternational.com\/dev\/#website\",\"url\":\"https:\/\/www.fdinternational.com\/dev\/\",\"name\":\"FDI - Gerenciadora de Patrimonios\",\"description\":\"Gerenciamiento de Patrimonios Personales, Familiares e Institucionales\",\"potentialAction\":[{\"@type\":\"SearchAction\",\"target\":{\"@type\":\"EntryPoint\",\"urlTemplate\":\"https:\/\/www.fdinternational.com\/dev\/?s={search_term_string}\"},\"query-input\":\"required name=search_term_string\"}],\"inLanguage\":\"es-AR\"},{\"@type\":\"ImageObject\",\"@id\":\"https:\/\/www.fdinternational.com\/dev\/protector-financiero\/#primaryimage\",\"inLanguage\":\"es-AR\",\"url\":\"https:\/\/www.fdinternational.com\/dev\/wp-content\/uploads\/2021\/05\/FDI-ICONOS-SOLUCIONES-35.png\",\"contentUrl\":\"https:\/\/www.fdinternational.com\/dev\/wp-content\/uploads\/2021\/05\/FDI-ICONOS-SOLUCIONES-35.png\",\"width\":314,\"height\":313},{\"@type\":\"WebPage\",\"@id\":\"https:\/\/www.fdinternational.com\/dev\/protector-financiero\/#webpage\",\"url\":\"https:\/\/www.fdinternational.com\/dev\/protector-financiero\/\",\"name\":\"Protector Financiero - FDI - Gerenciadora de Patrimonios\",\"isPartOf\":{\"@id\":\"https:\/\/www.fdinternational.com\/dev\/#website\"},\"primaryImageOfPage\":{\"@id\":\"https:\/\/www.fdinternational.com\/dev\/protector-financiero\/#primaryimage\"},\"datePublished\":\"2024-05-22T18:10:20+00:00\",\"dateModified\":\"2024-06-21T14:34:29+00:00\",\"breadcrumb\":{\"@id\":\"https:\/\/www.fdinternational.com\/dev\/protector-financiero\/#breadcrumb\"},\"inLanguage\":\"es-AR\",\"potentialAction\":[{\"@type\":\"ReadAction\",\"target\":[\"https:\/\/www.fdinternational.com\/dev\/protector-financiero\/\"]}]},{\"@type\":\"BreadcrumbList\",\"@id\":\"https:\/\/www.fdinternational.com\/dev\/protector-financiero\/#breadcrumb\",\"itemListElement\":[{\"@type\":\"ListItem\",\"position\":1,\"name\":\"Protector Financiero\"}]}]}<\/script>\n<!-- \/ Yoast SEO plugin. -->","yoast_head_json":{"title":"Protector Financiero - FDI - Gerenciadora de Patrimonios","robots":{"index":"index","follow":"follow","max-snippet":"max-snippet:-1","max-image-preview":"max-image-preview:large","max-video-preview":"max-video-preview:-1"},"canonical":"https:\/\/www.fdinternational.com\/dev\/protector-financiero\/","og_locale":"es_ES","og_type":"article","og_title":"Protector Financiero - FDI - Gerenciadora de Patrimonios","og_description":"[vc_row full_width=&#8221;stretch_row_content_no_spaces&#8221; css=&#8221;.vc_custom_1712224454764{margin-top: -40px !important;margin-bottom: -40px !important;}&#8221;][vc_column][vc_single_image image=&#8221;8679&#8243; img_size=&#8221;full&#8221; alignment=&#8221;center&#8221;][\/vc_column][\/vc_row][vc_row full_width=&#8221;stretch_row&#8221; gap=&#8221;1&#8243; equal_height=&#8221;yes&#8221; css=&#8221;.vc_custom_1713294963569{padding-top: 5% !important;padding-right: 10% !important;padding-left: 10% !important;background-color: #e7e7e7 !important;}&#8221;][vc_column width=&#8221;2\/5&#8243;][vc_single_image image=&#8221;8435&#8243; img_size=&#8221;80&#215;80&#8243; alignment=&#8221;right&#8221;][vc_single_image image=&#8221;8452&#8243; img_size=&#8221;full&#8221; alignment=&#8221;right&#8221; css_animation=&#8221;left-to-right&#8221;][vc_empty_space height=&#8221;30px&#8221;][vc_column_text] Control + Recomendaciones de mejora + Reducci\u00f3n de costos y comisiones. \u2014 FDI \u2014 &nbsp; [\/vc_column_text][\/vc_column][vc_column width=&#8221;3\/5&#8243;][vc_custom_heading text=&#8221;Protector Financiero&#8221; font_container=&#8221;tag:h2|font_size:22px|text_align:left|color:%23000000&#8243; use_theme_fonts=&#8221;yes&#8221; css=&#8221;.vc_custom_1716401213809{padding-top: 3% !important;}&#8221;][vc_column_text] [&hellip;]","og_url":"https:\/\/www.fdinternational.com\/dev\/protector-financiero\/","og_site_name":"FDI - Gerenciadora de Patrimonios","article_modified_time":"2024-06-21T14:34:29+00:00","og_image":[{"width":314,"height":313,"filesize":5716,"url":"https:\/\/www.fdinternational.com\/dev\/wp-content\/uploads\/2021\/05\/FDI-ICONOS-SOLUCIONES-35.png","path":"\/home\/fdintern\/public_html\/dev\/wp-content\/uploads\/2021\/05\/FDI-ICONOS-SOLUCIONES-35.png","size":"full","id":8227,"alt":"","pixels":98282,"type":"image\/png"}],"twitter_card":"summary","twitter_misc":{"Tiempo de lectura":"3 minutos"},"schema":{"@context":"https:\/\/schema.org","@graph":[{"@type":"WebSite","@id":"https:\/\/www.fdinternational.com\/dev\/#website","url":"https:\/\/www.fdinternational.com\/dev\/","name":"FDI - Gerenciadora de Patrimonios","description":"Gerenciamiento de Patrimonios Personales, Familiares e Institucionales","potentialAction":[{"@type":"SearchAction","target":{"@type":"EntryPoint","urlTemplate":"https:\/\/www.fdinternational.com\/dev\/?s={search_term_string}"},"query-input":"required name=search_term_string"}],"inLanguage":"es-AR"},{"@type":"ImageObject","@id":"https:\/\/www.fdinternational.com\/dev\/protector-financiero\/#primaryimage","inLanguage":"es-AR","url":"https:\/\/www.fdinternational.com\/dev\/wp-content\/uploads\/2021\/05\/FDI-ICONOS-SOLUCIONES-35.png","contentUrl":"https:\/\/www.fdinternational.com\/dev\/wp-content\/uploads\/2021\/05\/FDI-ICONOS-SOLUCIONES-35.png","width":314,"height":313},{"@type":"WebPage","@id":"https:\/\/www.fdinternational.com\/dev\/protector-financiero\/#webpage","url":"https:\/\/www.fdinternational.com\/dev\/protector-financiero\/","name":"Protector Financiero - FDI - Gerenciadora de Patrimonios","isPartOf":{"@id":"https:\/\/www.fdinternational.com\/dev\/#website"},"primaryImageOfPage":{"@id":"https:\/\/www.fdinternational.com\/dev\/protector-financiero\/#primaryimage"},"datePublished":"2024-05-22T18:10:20+00:00","dateModified":"2024-06-21T14:34:29+00:00","breadcrumb":{"@id":"https:\/\/www.fdinternational.com\/dev\/protector-financiero\/#breadcrumb"},"inLanguage":"es-AR","potentialAction":[{"@type":"ReadAction","target":["https:\/\/www.fdinternational.com\/dev\/protector-financiero\/"]}]},{"@type":"BreadcrumbList","@id":"https:\/\/www.fdinternational.com\/dev\/protector-financiero\/#breadcrumb","itemListElement":[{"@type":"ListItem","position":1,"name":"Protector Financiero"}]}]}},"_links":{"self":[{"href":"https:\/\/www.fdinternational.com\/dev\/wp-json\/wp\/v2\/pages\/8548"}],"collection":[{"href":"https:\/\/www.fdinternational.com\/dev\/wp-json\/wp\/v2\/pages"}],"about":[{"href":"https:\/\/www.fdinternational.com\/dev\/wp-json\/wp\/v2\/types\/page"}],"author":[{"embeddable":true,"href":"https:\/\/www.fdinternational.com\/dev\/wp-json\/wp\/v2\/users\/2"}],"replies":[{"embeddable":true,"href":"https:\/\/www.fdinternational.com\/dev\/wp-json\/wp\/v2\/comments?post=8548"}],"version-history":[{"count":6,"href":"https:\/\/www.fdinternational.com\/dev\/wp-json\/wp\/v2\/pages\/8548\/revisions"}],"predecessor-version":[{"id":8789,"href":"https:\/\/www.fdinternational.com\/dev\/wp-json\/wp\/v2\/pages\/8548\/revisions\/8789"}],"wp:featuredmedia":[{"embeddable":true,"href":"https:\/\/www.fdinternational.com\/dev\/wp-json\/wp\/v2\/media\/8227"}],"wp:attachment":[{"href":"https:\/\/www.fdinternational.com\/dev\/wp-json\/wp\/v2\/media?parent=8548"}],"curies":[{"name":"wp","href":"https:\/\/api.w.org\/{rel}","templated":true}]}}