{"id":8564,"date":"2024-05-22T15:43:31","date_gmt":"2024-05-22T18:43:31","guid":{"rendered":"https:\/\/www.fdinternational.com\/dev\/?page_id=8564"},"modified":"2024-06-21T11:38:09","modified_gmt":"2024-06-21T14:38:09","slug":"finanzas-para-empresas","status":"publish","type":"page","link":"https:\/\/www.fdinternational.com\/dev\/finanzas-para-empresas\/","title":{"rendered":"Finanzas para empresas"},"content":{"rendered":"<p>[vc_row full_width=&#8221;stretch_row_content_no_spaces&#8221; css=&#8221;.vc_custom_1712224454764{margin-top: -40px !important;margin-bottom: -40px !important;}&#8221;][vc_column][vc_single_image image=&#8221;8685&#8243; img_size=&#8221;full&#8221; alignment=&#8221;center&#8221;][\/vc_column][\/vc_row][vc_row full_width=&#8221;stretch_row&#8221; gap=&#8221;1&#8243; equal_height=&#8221;yes&#8221; css=&#8221;.vc_custom_1713294963569{padding-top: 5% !important;padding-right: 10% !important;padding-left: 10% !important;background-color: #e7e7e7 !important;}&#8221;][vc_column width=&#8221;2\/5&#8243;][vc_single_image image=&#8221;8447&#8243; img_size=&#8221;80&#215;80&#8243; alignment=&#8221;right&#8221;][vc_single_image image=&#8221;8459&#8243; img_size=&#8221;full&#8221; alignment=&#8221;right&#8221; css_animation=&#8221;left-to-right&#8221;][vc_empty_space height=&#8221;30px&#8221;][vc_column_text]<\/p>\n<blockquote>\n<h1 class=\"vc_custom_heading vc_custom_1456419338129\" style=\"font-size: 28px; color: #182244; text-align: left;\"><i>La mejor inversi\u00f3n es aquella que se conoce, controla y maneja: tu empresa, tu comercio o tu puesto de trabajo.<\/i><\/h1>\n<h5 class=\"vc_custom_heading vc_custom_1456419199782\" style=\"font-size: 20px; color: #182244; text-align: left;\">\u2014 FDI \u2014<\/h5>\n<div class=\"vc_separator wpb_content_element vc_separator_align_center vc_sep_width_30 vc_sep_border_width_4 vc_sep_pos_align_center\">\n<div class=\"vc_icon_element vc_icon_element-outer vc_icon_element-align-left\"><\/div>\n<p>&nbsp;<\/p>\n<\/div>\n<\/blockquote>\n<p>[\/vc_column_text][\/vc_column][vc_column width=&#8221;3\/5&#8243;][vc_custom_heading text=&#8221;<strong>Finanzas para Empresas<strong>&#8221; font_container=&#8221;tag:h2|font_size:22px|text_align:left|color:%23000000&#8243; use_theme_fonts=&#8221;yes&#8221; css=&#8221;.vc_custom_1716403274846{padding-top: 3% !important;}&#8221;][vc_column_text]<\/strong><\/strong><\/p>\n<h4><\/h4>\n<h4><span style=\"color: #000000;\">A trav\u00e9s del v\u00ednculo diario con grandes empresas, PyMEs y sus accionistas, hemos desarrollado una serie de soluciones que mejoran su gesti\u00f3n financiera, logrando resultados y ahorros concretos y medibles. El prop\u00f3sito final de nuestro servicio es maximizar el retorno\/rentabilidad a los accionistas de la empresa.<\/span><\/h4>\n<p>[\/vc_column_text][vc_column_text]<\/p>\n<h4><strong><span style=\"color: #000000;\">El servicio incluye:<\/span><\/strong><\/h4>\n<ul>\n<li>\n<h4><span style=\"color: #000000;\">Gerenciamiento de saldos transitorios de fondos, protegi\u00e9ndolos frente a la inflaci\u00f3n y las devaluaciones, adecu\u00e1ndolos a las monedas y plazos de la operatoria de la compa\u00f1\u00eda. Incluye la compra\/venta de activos financieros en el exterior.<\/span><\/h4>\n<\/li>\n<li>\n<h4><span style=\"color: #000000;\">Estructuraci\u00f3n de seguros de cambio (futuros de d\u00f3lar) protegiendo las cuentas por cobrar de la empresa de posibles descalces de monedas si sus ventas y\/o sus costos no poseen un ajuste del tipo de cambio.<\/span><\/h4>\n<\/li>\n<li>\n<h4><span style=\"color: #000000;\">Operaciones cambiarias: acceda a este enlace para m\u00e1s informaci\u00f3n.<\/span><\/h4>\n<\/li>\n<li>\n<h4><span style=\"color: #000000;\">Implementaci\u00f3n de mecanismos de financiaci\u00f3n utilizando activos financieros de la empresa y\/o de sus accionistas, como garant\u00eda.<\/span><\/h4>\n<\/li>\n<li>\n<h4><span style=\"color: #000000;\">Instrumentaci\u00f3n de descuento de cheques y de facturas electr\u00f3nicas de cr\u00e9dito en el mercado de capitales.<\/span><\/h4>\n<\/li>\n<li>\n<h4><span style=\"color: #000000;\">Coordinaci\u00f3n con los contadores o asesores tributarios de la empresa, sus vinculadas y\/o sus accionistas, para minimizar la carga tributaria, actuando siempre bajo la normativa vigente.<\/span><\/h4>\n<\/li>\n<li>\n<h4><span style=\"color: #000000;\">Sugerencias para minimizar el riesgo patrimonial personal de directores por su actuaci\u00f3n en la empresa (encontr\u00e1ndose el costo de su implementaci\u00f3n fuera del abono mensual).<\/span><\/h4>\n<\/li>\n<\/ul>\n<h4><span style=\"color: #000000;\">Nuestra contribuci\u00f3n es potenciar al gerente financiero o de administraci\u00f3n cumpliendo el rol de un Director Financiero externo, para que la empresa est\u00e9 a la vanguardia en conocimiento, informaci\u00f3n y operaciones financieras.<\/span><\/h4>\n<h4><span style=\"color: #000000;\">Sabemos que los gerentes financieros tienen conocimientos y habilidades para resolver estas cuestiones y una presencia diaria y constante en la empresa. En nuestro caso, por brindar soporte financiero a muchas empresas y por nuestro conocimiento de los diferentes sectores y sus problem\u00e1ticas, podemos aportar experiencia, dedicar tiempo al an\u00e1lisis y a las operaciones del Mercado de Capitales, temas claves para que el proceso sea eficiente.<\/span><\/h4>\n<p>[\/vc_column_text][\/vc_column][\/vc_row][vc_row full_width=&#8221;stretch_row_content_no_spaces&#8221; css=&#8221;.vc_custom_1712227443195{margin-top: -35px !important;margin-bottom: -40px !important;padding-right: 15% !important;}&#8221;][vc_column width=&#8221;1\/3&#8243;][vc_single_image image=&#8221;8418&#8243; img_size=&#8221;full&#8221; alignment=&#8221;right&#8221;][\/vc_column][vc_column width=&#8221;2\/3&#8243; css=&#8221;.vc_custom_1712226603291{padding-left: 10% !important;}&#8221;][vc_btn title=&#8221;NUESTRO CANAL ONLINE&#8221; style=&#8221;custom&#8221; custom_background=&#8221;#2c2b7d&#8221; custom_text=&#8221;#ffffff&#8221; size=&#8221;lg&#8221; align=&#8221;left&#8221; button_block=&#8221;true&#8221; css=&#8221;.vc_custom_1712227452802{padding-top: 10% !important;}&#8221;][vc_custom_heading text=&#8221;Comun\u00edcate con nosotros<br \/>\nde forma r\u00e1pida y directa.&#8221; font_container=&#8221;tag:h1|font_size:50px|text_align:left|color:%232c2b7d&#8221; use_theme_fonts=&#8221;yes&#8221;][vc_btn title=&#8221;WHATSAPP&#8221; style=&#8221;custom&#8221; custom_background=&#8221;#282928&#8243; custom_text=&#8221;#ffffff&#8221; size=&#8221;lg&#8221; align=&#8221;left&#8221; link=&#8221;url:https%3A%2F%2Fapi.whatsapp.com%2Fsend%3Fphone%3D5491152487511%26text%3DHola||target:%20_blank|&#8221; css=&#8221;.vc_custom_1712225189686{padding-bottom: 5% !important;}&#8221;][\/vc_column][\/vc_row]<\/p>\n","protected":false},"excerpt":{"rendered":"<p>[vc_row full_width=&#8221;stretch_row_content_no_spaces&#8221; css=&#8221;.vc_custom_1712224454764{margin-top: -40px !important;margin-bottom: -40px !important;}&#8221;][vc_column][vc_single_image image=&#8221;8685&#8243; img_size=&#8221;full&#8221; alignment=&#8221;center&#8221;][\/vc_column][\/vc_row][vc_row full_width=&#8221;stretch_row&#8221; gap=&#8221;1&#8243; equal_height=&#8221;yes&#8221; css=&#8221;.vc_custom_1713294963569{padding-top: 5% !important;padding-right: 10% !important;padding-left: 10% !important;background-color: #e7e7e7 !important;}&#8221;][vc_column width=&#8221;2\/5&#8243;][vc_single_image image=&#8221;8447&#8243; img_size=&#8221;80&#215;80&#8243; alignment=&#8221;right&#8221;][vc_single_image image=&#8221;8459&#8243; img_size=&#8221;full&#8221; alignment=&#8221;right&#8221; css_animation=&#8221;left-to-right&#8221;][vc_empty_space height=&#8221;30px&#8221;][vc_column_text] La mejor inversi\u00f3n es aquella que se conoce, controla y maneja: tu empresa, tu comercio o tu puesto de trabajo. \u2014 FDI \u2014 &nbsp; [&hellip;]<\/p>\n","protected":false},"author":2,"featured_media":8448,"parent":0,"menu_order":0,"comment_status":"closed","ping_status":"closed","template":"","meta":{"footnotes":""},"yoast_head":"<!-- This site is optimized with the Yoast SEO plugin v17.1 - https:\/\/yoast.com\/wordpress\/plugins\/seo\/ -->\n<title>Finanzas para empresas - FDI - Gerenciadora de Patrimonios<\/title>\n<meta name=\"robots\" content=\"index, follow, max-snippet:-1, max-image-preview:large, max-video-preview:-1\" \/>\n<link rel=\"canonical\" href=\"https:\/\/www.fdinternational.com\/dev\/finanzas-para-empresas\/\" \/>\n<meta property=\"og:locale\" content=\"es_ES\" \/>\n<meta property=\"og:type\" content=\"article\" \/>\n<meta property=\"og:title\" content=\"Finanzas para empresas - FDI - Gerenciadora de Patrimonios\" \/>\n<meta property=\"og:description\" content=\"[vc_row full_width=&#8221;stretch_row_content_no_spaces&#8221; css=&#8221;.vc_custom_1712224454764{margin-top: -40px !important;margin-bottom: -40px !important;}&#8221;][vc_column][vc_single_image image=&#8221;8685&#8243; img_size=&#8221;full&#8221; alignment=&#8221;center&#8221;][\/vc_column][\/vc_row][vc_row full_width=&#8221;stretch_row&#8221; gap=&#8221;1&#8243; equal_height=&#8221;yes&#8221; css=&#8221;.vc_custom_1713294963569{padding-top: 5% !important;padding-right: 10% !important;padding-left: 10% !important;background-color: #e7e7e7 !important;}&#8221;][vc_column width=&#8221;2\/5&#8243;][vc_single_image image=&#8221;8447&#8243; img_size=&#8221;80&#215;80&#8243; alignment=&#8221;right&#8221;][vc_single_image image=&#8221;8459&#8243; img_size=&#8221;full&#8221; alignment=&#8221;right&#8221; css_animation=&#8221;left-to-right&#8221;][vc_empty_space height=&#8221;30px&#8221;][vc_column_text] La mejor inversi\u00f3n es aquella que se conoce, controla y maneja: tu empresa, tu comercio o tu puesto de trabajo. \u2014 FDI \u2014 &nbsp; [&hellip;]\" \/>\n<meta property=\"og:url\" content=\"https:\/\/www.fdinternational.com\/dev\/finanzas-para-empresas\/\" \/>\n<meta property=\"og:site_name\" content=\"FDI - Gerenciadora de Patrimonios\" \/>\n<meta property=\"article:modified_time\" content=\"2024-06-21T14:38:09+00:00\" \/>\n<meta property=\"og:image\" content=\"https:\/\/www.fdinternational.com\/dev\/wp-content\/uploads\/2024\/04\/FDI-ICONOS-VIOLETAS-43-1.png\" \/>\n\t<meta property=\"og:image:width\" content=\"314\" \/>\n\t<meta property=\"og:image:height\" content=\"314\" \/>\n<meta name=\"twitter:card\" content=\"summary\" \/>\n<meta name=\"twitter:label1\" content=\"Tiempo de lectura\" \/>\n\t<meta name=\"twitter:data1\" content=\"3 minutos\" \/>\n<script type=\"application\/ld+json\" class=\"yoast-schema-graph\">{\"@context\":\"https:\/\/schema.org\",\"@graph\":[{\"@type\":\"WebSite\",\"@id\":\"https:\/\/www.fdinternational.com\/dev\/#website\",\"url\":\"https:\/\/www.fdinternational.com\/dev\/\",\"name\":\"FDI - Gerenciadora de Patrimonios\",\"description\":\"Gerenciamiento de Patrimonios Personales, Familiares e Institucionales\",\"potentialAction\":[{\"@type\":\"SearchAction\",\"target\":{\"@type\":\"EntryPoint\",\"urlTemplate\":\"https:\/\/www.fdinternational.com\/dev\/?s={search_term_string}\"},\"query-input\":\"required name=search_term_string\"}],\"inLanguage\":\"es-AR\"},{\"@type\":\"ImageObject\",\"@id\":\"https:\/\/www.fdinternational.com\/dev\/finanzas-para-empresas\/#primaryimage\",\"inLanguage\":\"es-AR\",\"url\":\"https:\/\/www.fdinternational.com\/dev\/wp-content\/uploads\/2024\/04\/FDI-ICONOS-VIOLETAS-43-1.png\",\"contentUrl\":\"https:\/\/www.fdinternational.com\/dev\/wp-content\/uploads\/2024\/04\/FDI-ICONOS-VIOLETAS-43-1.png\",\"width\":314,\"height\":314},{\"@type\":\"WebPage\",\"@id\":\"https:\/\/www.fdinternational.com\/dev\/finanzas-para-empresas\/#webpage\",\"url\":\"https:\/\/www.fdinternational.com\/dev\/finanzas-para-empresas\/\",\"name\":\"Finanzas para empresas - FDI - Gerenciadora de Patrimonios\",\"isPartOf\":{\"@id\":\"https:\/\/www.fdinternational.com\/dev\/#website\"},\"primaryImageOfPage\":{\"@id\":\"https:\/\/www.fdinternational.com\/dev\/finanzas-para-empresas\/#primaryimage\"},\"datePublished\":\"2024-05-22T18:43:31+00:00\",\"dateModified\":\"2024-06-21T14:38:09+00:00\",\"breadcrumb\":{\"@id\":\"https:\/\/www.fdinternational.com\/dev\/finanzas-para-empresas\/#breadcrumb\"},\"inLanguage\":\"es-AR\",\"potentialAction\":[{\"@type\":\"ReadAction\",\"target\":[\"https:\/\/www.fdinternational.com\/dev\/finanzas-para-empresas\/\"]}]},{\"@type\":\"BreadcrumbList\",\"@id\":\"https:\/\/www.fdinternational.com\/dev\/finanzas-para-empresas\/#breadcrumb\",\"itemListElement\":[{\"@type\":\"ListItem\",\"position\":1,\"name\":\"Finanzas para empresas\"}]}]}<\/script>\n<!-- \/ Yoast SEO plugin. -->","yoast_head_json":{"title":"Finanzas para empresas - FDI - Gerenciadora de Patrimonios","robots":{"index":"index","follow":"follow","max-snippet":"max-snippet:-1","max-image-preview":"max-image-preview:large","max-video-preview":"max-video-preview:-1"},"canonical":"https:\/\/www.fdinternational.com\/dev\/finanzas-para-empresas\/","og_locale":"es_ES","og_type":"article","og_title":"Finanzas para empresas - FDI - Gerenciadora de Patrimonios","og_description":"[vc_row full_width=&#8221;stretch_row_content_no_spaces&#8221; css=&#8221;.vc_custom_1712224454764{margin-top: -40px !important;margin-bottom: -40px !important;}&#8221;][vc_column][vc_single_image image=&#8221;8685&#8243; img_size=&#8221;full&#8221; alignment=&#8221;center&#8221;][\/vc_column][\/vc_row][vc_row full_width=&#8221;stretch_row&#8221; gap=&#8221;1&#8243; equal_height=&#8221;yes&#8221; css=&#8221;.vc_custom_1713294963569{padding-top: 5% !important;padding-right: 10% !important;padding-left: 10% !important;background-color: #e7e7e7 !important;}&#8221;][vc_column width=&#8221;2\/5&#8243;][vc_single_image image=&#8221;8447&#8243; img_size=&#8221;80&#215;80&#8243; alignment=&#8221;right&#8221;][vc_single_image image=&#8221;8459&#8243; img_size=&#8221;full&#8221; alignment=&#8221;right&#8221; css_animation=&#8221;left-to-right&#8221;][vc_empty_space height=&#8221;30px&#8221;][vc_column_text] La mejor inversi\u00f3n es aquella que se conoce, controla y maneja: tu empresa, tu comercio o tu puesto de trabajo. \u2014 FDI \u2014 &nbsp; [&hellip;]","og_url":"https:\/\/www.fdinternational.com\/dev\/finanzas-para-empresas\/","og_site_name":"FDI - Gerenciadora de Patrimonios","article_modified_time":"2024-06-21T14:38:09+00:00","og_image":[{"width":314,"height":314,"filesize":1723,"url":"https:\/\/www.fdinternational.com\/dev\/wp-content\/uploads\/2024\/04\/FDI-ICONOS-VIOLETAS-43-1.png","path":"\/home\/fdintern\/public_html\/dev\/wp-content\/uploads\/2024\/04\/FDI-ICONOS-VIOLETAS-43-1.png","size":"full","id":8448,"alt":"","pixels":98596,"type":"image\/png"}],"twitter_card":"summary","twitter_misc":{"Tiempo de lectura":"3 minutos"},"schema":{"@context":"https:\/\/schema.org","@graph":[{"@type":"WebSite","@id":"https:\/\/www.fdinternational.com\/dev\/#website","url":"https:\/\/www.fdinternational.com\/dev\/","name":"FDI - Gerenciadora de Patrimonios","description":"Gerenciamiento de Patrimonios Personales, Familiares e Institucionales","potentialAction":[{"@type":"SearchAction","target":{"@type":"EntryPoint","urlTemplate":"https:\/\/www.fdinternational.com\/dev\/?s={search_term_string}"},"query-input":"required name=search_term_string"}],"inLanguage":"es-AR"},{"@type":"ImageObject","@id":"https:\/\/www.fdinternational.com\/dev\/finanzas-para-empresas\/#primaryimage","inLanguage":"es-AR","url":"https:\/\/www.fdinternational.com\/dev\/wp-content\/uploads\/2024\/04\/FDI-ICONOS-VIOLETAS-43-1.png","contentUrl":"https:\/\/www.fdinternational.com\/dev\/wp-content\/uploads\/2024\/04\/FDI-ICONOS-VIOLETAS-43-1.png","width":314,"height":314},{"@type":"WebPage","@id":"https:\/\/www.fdinternational.com\/dev\/finanzas-para-empresas\/#webpage","url":"https:\/\/www.fdinternational.com\/dev\/finanzas-para-empresas\/","name":"Finanzas para empresas - FDI - Gerenciadora de Patrimonios","isPartOf":{"@id":"https:\/\/www.fdinternational.com\/dev\/#website"},"primaryImageOfPage":{"@id":"https:\/\/www.fdinternational.com\/dev\/finanzas-para-empresas\/#primaryimage"},"datePublished":"2024-05-22T18:43:31+00:00","dateModified":"2024-06-21T14:38:09+00:00","breadcrumb":{"@id":"https:\/\/www.fdinternational.com\/dev\/finanzas-para-empresas\/#breadcrumb"},"inLanguage":"es-AR","potentialAction":[{"@type":"ReadAction","target":["https:\/\/www.fdinternational.com\/dev\/finanzas-para-empresas\/"]}]},{"@type":"BreadcrumbList","@id":"https:\/\/www.fdinternational.com\/dev\/finanzas-para-empresas\/#breadcrumb","itemListElement":[{"@type":"ListItem","position":1,"name":"Finanzas para empresas"}]}]}},"_links":{"self":[{"href":"https:\/\/www.fdinternational.com\/dev\/wp-json\/wp\/v2\/pages\/8564"}],"collection":[{"href":"https:\/\/www.fdinternational.com\/dev\/wp-json\/wp\/v2\/pages"}],"about":[{"href":"https:\/\/www.fdinternational.com\/dev\/wp-json\/wp\/v2\/types\/page"}],"author":[{"embeddable":true,"href":"https:\/\/www.fdinternational.com\/dev\/wp-json\/wp\/v2\/users\/2"}],"replies":[{"embeddable":true,"href":"https:\/\/www.fdinternational.com\/dev\/wp-json\/wp\/v2\/comments?post=8564"}],"version-history":[{"count":6,"href":"https:\/\/www.fdinternational.com\/dev\/wp-json\/wp\/v2\/pages\/8564\/revisions"}],"predecessor-version":[{"id":8793,"href":"https:\/\/www.fdinternational.com\/dev\/wp-json\/wp\/v2\/pages\/8564\/revisions\/8793"}],"wp:featuredmedia":[{"embeddable":true,"href":"https:\/\/www.fdinternational.com\/dev\/wp-json\/wp\/v2\/media\/8448"}],"wp:attachment":[{"href":"https:\/\/www.fdinternational.com\/dev\/wp-json\/wp\/v2\/media?parent=8564"}],"curies":[{"name":"wp","href":"https:\/\/api.w.org\/{rel}","templated":true}]}}